{"id":8326,"date":"2024-07-05T01:48:32","date_gmt":"2024-07-05T01:48:32","guid":{"rendered":"https:\/\/susistemapruebas.com\/grapi\/?post_type=product&#038;p=8326"},"modified":"2024-07-05T01:48:32","modified_gmt":"2024-07-05T01:48:32","slug":"mancuernas-acuaticas","status":"publish","type":"product","link":"https:\/\/susistemapruebas.com\/grapi\/producto\/mancuernas-acuaticas\/","title":{"rendered":"MANCUERNAS ACUATICAS"},"content":{"rendered":"<p>Estas se usan idealmente para fines de fisioterapia en el hogar, los centros de fitness o el centro de rehabilitaci\u00f3n de su fisioterapeuta. El dise\u00f1o de este dispositivo hace que nuestro producto sea perfecto para los entrenamientos de la parte superior del cuerpo mientras est\u00e1 en el agua porque act\u00faa como dispositivo de flotaci\u00f3n y entrenador de resistencia.<\/p>\n<p>Cuenta con dos flotadores de \u00a014 X 6 CMS. en una barra de 30 CMS. para un agarre c\u00f3modo y firme del producto mientras est\u00e1 en uso.<\/p>\n","protected":false},"excerpt":{"rendered":"<h4><strong>MANCUERNAS ACU\u00c1TICAS<\/strong><\/h4>\n","protected":false},"featured_media":8327,"template":"","meta":[],"product_brand":[],"product_cat":[75],"product_tag":[],"class_list":{"0":"post-8326","1":"product","2":"type-product","3":"status-publish","4":"has-post-thumbnail","6":"product_cat-hidroterapia","8":"first","9":"instock","10":"shipping-taxable","11":"product-type-simple"},"_links":{"self":[{"href":"https:\/\/susistemapruebas.com\/grapi\/wp-json\/wp\/v2\/product\/8326","targetHints":{"allow":["GET"]}}],"collection":[{"href":"https:\/\/susistemapruebas.com\/grapi\/wp-json\/wp\/v2\/product"}],"about":[{"href":"https:\/\/susistemapruebas.com\/grapi\/wp-json\/wp\/v2\/types\/product"}],"wp:featuredmedia":[{"embeddable":true,"href":"https:\/\/susistemapruebas.com\/grapi\/wp-json\/wp\/v2\/media\/8327"}],"wp:attachment":[{"href":"https:\/\/susistemapruebas.com\/grapi\/wp-json\/wp\/v2\/media?parent=8326"}],"wp:term":[{"taxonomy":"product_brand","embeddable":true,"href":"https:\/\/susistemapruebas.com\/grapi\/wp-json\/wp\/v2\/product_brand?post=8326"},{"taxonomy":"product_cat","embeddable":true,"href":"https:\/\/susistemapruebas.com\/grapi\/wp-json\/wp\/v2\/product_cat?post=8326"},{"taxonomy":"product_tag","embeddable":true,"href":"https:\/\/susistemapruebas.com\/grapi\/wp-json\/wp\/v2\/product_tag?post=8326"}],"curies":[{"name":"wp","href":"https:\/\/api.w.org\/{rel}","templated":true}]}}