{"id":8319,"date":"2024-07-05T01:33:43","date_gmt":"2024-07-05T01:33:43","guid":{"rendered":"https:\/\/susistemapruebas.com\/grapi\/?post_type=product&#038;p=8319"},"modified":"2024-07-05T01:33:43","modified_gmt":"2024-07-05T01:33:43","slug":"los-botines-de-agua-aquarunner","status":"publish","type":"product","link":"https:\/\/susistemapruebas.com\/grapi\/producto\/los-botines-de-agua-aquarunner\/","title":{"rendered":"LOS BOTINES DE AGUA AQUARUNNER"},"content":{"rendered":"<p>brindan flotabilidad y resistencia durante los ejercicios acu\u00e1ticos. Ideales para aer\u00f3bicos acu\u00e1ticos, aqua zumba y otros entrenamientos en la piscina, estas zapatillas flotantes cuentan con una correa en X expansible y una correa ajustable en el tal\u00f3n para un ajuste personalizado<\/p>\n","protected":false},"excerpt":{"rendered":"<h4><strong>LOS BOTINES DE AGUA AQUARUNNER<\/strong><\/h4>\n","protected":false},"featured_media":8320,"template":"","meta":[],"product_brand":[],"product_cat":[75],"product_tag":[],"class_list":{"0":"post-8319","1":"product","2":"type-product","3":"status-publish","4":"has-post-thumbnail","6":"product_cat-hidroterapia","8":"first","9":"instock","10":"shipping-taxable","11":"product-type-simple"},"_links":{"self":[{"href":"https:\/\/susistemapruebas.com\/grapi\/wp-json\/wp\/v2\/product\/8319","targetHints":{"allow":["GET"]}}],"collection":[{"href":"https:\/\/susistemapruebas.com\/grapi\/wp-json\/wp\/v2\/product"}],"about":[{"href":"https:\/\/susistemapruebas.com\/grapi\/wp-json\/wp\/v2\/types\/product"}],"wp:featuredmedia":[{"embeddable":true,"href":"https:\/\/susistemapruebas.com\/grapi\/wp-json\/wp\/v2\/media\/8320"}],"wp:attachment":[{"href":"https:\/\/susistemapruebas.com\/grapi\/wp-json\/wp\/v2\/media?parent=8319"}],"wp:term":[{"taxonomy":"product_brand","embeddable":true,"href":"https:\/\/susistemapruebas.com\/grapi\/wp-json\/wp\/v2\/product_brand?post=8319"},{"taxonomy":"product_cat","embeddable":true,"href":"https:\/\/susistemapruebas.com\/grapi\/wp-json\/wp\/v2\/product_cat?post=8319"},{"taxonomy":"product_tag","embeddable":true,"href":"https:\/\/susistemapruebas.com\/grapi\/wp-json\/wp\/v2\/product_tag?post=8319"}],"curies":[{"name":"wp","href":"https:\/\/api.w.org\/{rel}","templated":true}]}}