{"id":8311,"date":"2024-07-05T01:25:11","date_gmt":"2024-07-05T01:25:11","guid":{"rendered":"https:\/\/susistemapruebas.com\/grapi\/?post_type=product&#038;p=8311"},"modified":"2025-07-29T21:05:02","modified_gmt":"2025-07-29T21:05:02","slug":"compresero-hyd-c24","status":"publish","type":"product","link":"https:\/\/susistemapruebas.com\/grapi\/producto\/compresero-hyd-c24\/","title":{"rendered":"COMPRESERO HYD-C24"},"content":{"rendered":"<p>Fabricado en Acero Inoxidable con fondo redondeado para evitar la formaci\u00f3n de bacterias, aislamiento total de fibra de vidrio para evitar la perdida de calor y el consumo de energ\u00eda. Mantenimiento sencillo que no requiere de instalaciones de plomer\u00eda, v\u00e1lvula de drenado de f\u00e1cil apertura para un r\u00e1pido desalojo del agua, Control termost\u00e1tico de temperatura que mantiene las compresas a temperatura de entre 71\u00b0 C y 75\u00b0, rejilla interna de acero inoxidable removible para colocar las compresas, luz frontal para indicar que est\u00e1 en operaci\u00f3n, switch de encendido y apagado, cuenta con 4 ruedas para su f\u00e1cil manejo y dos de ellas con freno, dimensiones 90 x 40 x 84, peso aproximado 45 Kg. Consumo de energ\u00eda: 1500W y cuenta con un a\u00f1o de garant\u00eda contra defectos de fabricaci\u00f3n.<\/p>\n","protected":false},"excerpt":{"rendered":"<p>Unidad De Calentamiento H\u00famedo<\/p>\n","protected":false},"featured_media":8312,"template":"","meta":[],"product_brand":[],"product_cat":[80],"product_tag":[],"class_list":{"0":"post-8311","1":"product","2":"type-product","3":"status-publish","4":"has-post-thumbnail","6":"product_cat-termoterapia","8":"first","9":"instock","10":"shipping-taxable","11":"product-type-simple"},"_links":{"self":[{"href":"https:\/\/susistemapruebas.com\/grapi\/wp-json\/wp\/v2\/product\/8311","targetHints":{"allow":["GET"]}}],"collection":[{"href":"https:\/\/susistemapruebas.com\/grapi\/wp-json\/wp\/v2\/product"}],"about":[{"href":"https:\/\/susistemapruebas.com\/grapi\/wp-json\/wp\/v2\/types\/product"}],"wp:featuredmedia":[{"embeddable":true,"href":"https:\/\/susistemapruebas.com\/grapi\/wp-json\/wp\/v2\/media\/8312"}],"wp:attachment":[{"href":"https:\/\/susistemapruebas.com\/grapi\/wp-json\/wp\/v2\/media?parent=8311"}],"wp:term":[{"taxonomy":"product_brand","embeddable":true,"href":"https:\/\/susistemapruebas.com\/grapi\/wp-json\/wp\/v2\/product_brand?post=8311"},{"taxonomy":"product_cat","embeddable":true,"href":"https:\/\/susistemapruebas.com\/grapi\/wp-json\/wp\/v2\/product_cat?post=8311"},{"taxonomy":"product_tag","embeddable":true,"href":"https:\/\/susistemapruebas.com\/grapi\/wp-json\/wp\/v2\/product_tag?post=8311"}],"curies":[{"name":"wp","href":"https:\/\/api.w.org\/{rel}","templated":true}]}}