{"id":8302,"date":"2024-07-05T01:16:17","date_gmt":"2024-07-05T01:16:17","guid":{"rendered":"https:\/\/susistemapruebas.com\/grapi\/?post_type=product&#038;p=8302"},"modified":"2025-07-29T21:07:53","modified_gmt":"2025-07-29T21:07:53","slug":"compresero-hyd-c04","status":"publish","type":"product","link":"https:\/\/susistemapruebas.com\/grapi\/producto\/compresero-hyd-c04\/","title":{"rendered":"COMPRESERO HYD-C04"},"content":{"rendered":"<p>Fabricado en Acero Inoxidable con fondo redondeado para evitar la formaci\u00f3n de bacterias, mantenimiento sencillo que no requiere de instalaciones de plomer\u00eda. Control termost\u00e1tico de temperatura que mantiene las compresas a temperatura de entre 71\u00b0 C y 75\u00b0, rejilla interna de acero inoxidable removible para colocar las compresas, incluye 4 compresas est\u00e1ndar, luz frontal para indicar que est\u00e1 en operaci\u00f3n, switch de encendido y apagado, dimensiones 34 x 25 x 41 Consumo de energ\u00eda: 1000W y cuenta con un a\u00f1o de garant\u00eda contra defectos de fabricaci\u00f3n.<\/p>\n","protected":false},"excerpt":{"rendered":"<p>Unidad De Calentamiento H\u00famedo<\/p>\n","protected":false},"featured_media":8303,"template":"","meta":[],"product_brand":[],"product_cat":[80],"product_tag":[],"class_list":{"0":"post-8302","1":"product","2":"type-product","3":"status-publish","4":"has-post-thumbnail","6":"product_cat-termoterapia","8":"first","9":"instock","10":"shipping-taxable","11":"product-type-simple"},"_links":{"self":[{"href":"https:\/\/susistemapruebas.com\/grapi\/wp-json\/wp\/v2\/product\/8302","targetHints":{"allow":["GET"]}}],"collection":[{"href":"https:\/\/susistemapruebas.com\/grapi\/wp-json\/wp\/v2\/product"}],"about":[{"href":"https:\/\/susistemapruebas.com\/grapi\/wp-json\/wp\/v2\/types\/product"}],"wp:featuredmedia":[{"embeddable":true,"href":"https:\/\/susistemapruebas.com\/grapi\/wp-json\/wp\/v2\/media\/8303"}],"wp:attachment":[{"href":"https:\/\/susistemapruebas.com\/grapi\/wp-json\/wp\/v2\/media?parent=8302"}],"wp:term":[{"taxonomy":"product_brand","embeddable":true,"href":"https:\/\/susistemapruebas.com\/grapi\/wp-json\/wp\/v2\/product_brand?post=8302"},{"taxonomy":"product_cat","embeddable":true,"href":"https:\/\/susistemapruebas.com\/grapi\/wp-json\/wp\/v2\/product_cat?post=8302"},{"taxonomy":"product_tag","embeddable":true,"href":"https:\/\/susistemapruebas.com\/grapi\/wp-json\/wp\/v2\/product_tag?post=8302"}],"curies":[{"name":"wp","href":"https:\/\/api.w.org\/{rel}","templated":true}]}}