{"id":8270,"date":"2024-07-05T00:40:37","date_gmt":"2024-07-05T00:40:37","guid":{"rendered":"https:\/\/susistemapruebas.com\/grapi\/?post_type=product&#038;p=8270"},"modified":"2024-07-05T00:40:37","modified_gmt":"2024-07-05T00:40:37","slug":"tina-de-hidroterapia","status":"publish","type":"product","link":"https:\/\/susistemapruebas.com\/grapi\/producto\/tina-de-hidroterapia\/","title":{"rendered":"TINA DE HIDROTERAPIA"},"content":{"rendered":"<ol>\n<li>Tanque construido en acero inoxidable<\/li>\n<li>Registro para estancamiento de agua<\/li>\n<li>Ducha direccional con presi\u00f3n regulable y manguera en tubo sinfonizado<\/li>\n<li>Ajuste de nivel de aceleraci\u00f3n de agua<\/li>\n<li>Sistema de seguridad compuesto por disyuntor diferencial (protecci\u00f3n contra riesgo de choque el\u00e9ctrico), protector t\u00e9rmico y fusible (protecci\u00f3n de motor)<\/li>\n<\/ol>\n","protected":false},"excerpt":{"rendered":"<h4><strong>TINA DE HIDROTERAPIA PARA MIEMBROS INFERIORES Y SUPERIORES<\/strong><\/h4>\n","protected":false},"featured_media":8271,"template":"","meta":[],"product_brand":[],"product_cat":[75],"product_tag":[],"class_list":{"0":"post-8270","1":"product","2":"type-product","3":"status-publish","4":"has-post-thumbnail","6":"product_cat-hidroterapia","8":"first","9":"instock","10":"shipping-taxable","11":"product-type-simple"},"_links":{"self":[{"href":"https:\/\/susistemapruebas.com\/grapi\/wp-json\/wp\/v2\/product\/8270","targetHints":{"allow":["GET"]}}],"collection":[{"href":"https:\/\/susistemapruebas.com\/grapi\/wp-json\/wp\/v2\/product"}],"about":[{"href":"https:\/\/susistemapruebas.com\/grapi\/wp-json\/wp\/v2\/types\/product"}],"wp:featuredmedia":[{"embeddable":true,"href":"https:\/\/susistemapruebas.com\/grapi\/wp-json\/wp\/v2\/media\/8271"}],"wp:attachment":[{"href":"https:\/\/susistemapruebas.com\/grapi\/wp-json\/wp\/v2\/media?parent=8270"}],"wp:term":[{"taxonomy":"product_brand","embeddable":true,"href":"https:\/\/susistemapruebas.com\/grapi\/wp-json\/wp\/v2\/product_brand?post=8270"},{"taxonomy":"product_cat","embeddable":true,"href":"https:\/\/susistemapruebas.com\/grapi\/wp-json\/wp\/v2\/product_cat?post=8270"},{"taxonomy":"product_tag","embeddable":true,"href":"https:\/\/susistemapruebas.com\/grapi\/wp-json\/wp\/v2\/product_tag?post=8270"}],"curies":[{"name":"wp","href":"https:\/\/api.w.org\/{rel}","templated":true}]}}