{"id":8254,"date":"2024-07-05T00:20:53","date_gmt":"2024-07-05T00:20:53","guid":{"rendered":"https:\/\/susistemapruebas.com\/grapi\/?post_type=product&#038;p=8254"},"modified":"2024-07-05T00:20:53","modified_gmt":"2024-07-05T00:20:53","slug":"electroestimulador-tens","status":"publish","type":"product","link":"https:\/\/susistemapruebas.com\/grapi\/producto\/electroestimulador-tens\/","title":{"rendered":"ELECTROESTIMULADOR TENS"},"content":{"rendered":"<p>Dispositivo port\u00e1til de Electroterapia trabaja para aliviar su dolor mediante la estimulaci\u00f3n de los nervios transcut\u00e1nea (TENS) a trav\u00e9s de la electricidad.\u00a0 Electro estimulador\/TENS\/2 Canales.\u00a0 Esta unidad permite elegir entre pulsaciones que se modulan, constantes o r\u00e1fagas de electricidad y vienen con un temporizador para asegurar la precisi\u00f3n digital.<\/p>\n<p>ESPECIFICACIONES:<\/p>\n<p>Dos canales, 3 modos y tiempos.<\/p>\n<p>3 modos de onda: Burst, Modulada y constante.<\/p>\n<p>Temporizador: 30 minutos, 60 minutos operaci\u00f3n anal\u00f3gica constante, f\u00e1cil de usar con precisi\u00f3n digital.<\/p>\n<p>Ancho de Pulso: 50-250 Microsegundos ajustable.<\/p>\n<p>Rango de Pulso: 0-80V por cada canal (500 OHM)<\/p>\n<p>Tiempo de onda: Rectangular, Constante, Bif\u00e1sico con Zero.<\/p>\n","protected":false},"excerpt":{"rendered":"<h4><strong>ELECTROESTIMULADOR TENS ANALOGO 3000<\/strong><\/h4>\n","protected":false},"featured_media":8255,"template":"","meta":[],"product_brand":[],"product_cat":[74],"product_tag":[],"class_list":{"0":"post-8254","1":"product","2":"type-product","3":"status-publish","4":"has-post-thumbnail","6":"product_cat-electroterapia","8":"first","9":"instock","10":"shipping-taxable","11":"product-type-simple"},"_links":{"self":[{"href":"https:\/\/susistemapruebas.com\/grapi\/wp-json\/wp\/v2\/product\/8254","targetHints":{"allow":["GET"]}}],"collection":[{"href":"https:\/\/susistemapruebas.com\/grapi\/wp-json\/wp\/v2\/product"}],"about":[{"href":"https:\/\/susistemapruebas.com\/grapi\/wp-json\/wp\/v2\/types\/product"}],"wp:featuredmedia":[{"embeddable":true,"href":"https:\/\/susistemapruebas.com\/grapi\/wp-json\/wp\/v2\/media\/8255"}],"wp:attachment":[{"href":"https:\/\/susistemapruebas.com\/grapi\/wp-json\/wp\/v2\/media?parent=8254"}],"wp:term":[{"taxonomy":"product_brand","embeddable":true,"href":"https:\/\/susistemapruebas.com\/grapi\/wp-json\/wp\/v2\/product_brand?post=8254"},{"taxonomy":"product_cat","embeddable":true,"href":"https:\/\/susistemapruebas.com\/grapi\/wp-json\/wp\/v2\/product_cat?post=8254"},{"taxonomy":"product_tag","embeddable":true,"href":"https:\/\/susistemapruebas.com\/grapi\/wp-json\/wp\/v2\/product_tag?post=8254"}],"curies":[{"name":"wp","href":"https:\/\/api.w.org\/{rel}","templated":true}]}}