{"id":8252,"date":"2024-07-05T00:19:19","date_gmt":"2024-07-05T00:19:19","guid":{"rendered":"https:\/\/susistemapruebas.com\/grapi\/?post_type=product&#038;p=8252"},"modified":"2024-07-05T00:19:19","modified_gmt":"2024-07-05T00:19:19","slug":"electroestimulador-intensity-twin","status":"publish","type":"product","link":"https:\/\/susistemapruebas.com\/grapi\/producto\/electroestimulador-intensity-twin\/","title":{"rendered":"ELECTROESTIMULADOR INTENSITY TWIN"},"content":{"rendered":"<p>Estimulador port\u00e1til de electroterapia que ofrece dos modos terap\u00e9uticos: Estimulaci\u00f3n el\u00e9ctrica transcut\u00e1nea del nervio (TENS), Estimulaci\u00f3n el\u00e9ctrica neuromuscular (EMS).<\/p>\n<p>Especificaciones:<\/p>\n<p>Dise\u00f1o de alta tecnolog\u00eda con gran pantalla LCD<\/p>\n<p>72 programas opcionales para el usuario.<\/p>\n<p>Preselecci\u00f3n y tiempo de tratamiento programable<\/p>\n<p>Bater\u00eda recargable de iones de litio de 3,7 V con LED Luz indicadora de carga<\/p>\n<p>Indicador de carga del electrodo<\/p>\n<p>Medidor de Cumplimiento<\/p>\n<p>Funci\u00f3n de bloqueo de seguridad<\/p>\n","protected":false},"excerpt":{"rendered":"<h4><strong>ELECTROESTIMULADOR INTENSITY TWIN STIM IV (TENS, EMS)<\/strong><\/h4>\n","protected":false},"featured_media":8253,"template":"","meta":[],"product_brand":[],"product_cat":[74],"product_tag":[],"class_list":{"0":"post-8252","1":"product","2":"type-product","3":"status-publish","4":"has-post-thumbnail","6":"product_cat-electroterapia","8":"first","9":"instock","10":"shipping-taxable","11":"product-type-simple"},"_links":{"self":[{"href":"https:\/\/susistemapruebas.com\/grapi\/wp-json\/wp\/v2\/product\/8252","targetHints":{"allow":["GET"]}}],"collection":[{"href":"https:\/\/susistemapruebas.com\/grapi\/wp-json\/wp\/v2\/product"}],"about":[{"href":"https:\/\/susistemapruebas.com\/grapi\/wp-json\/wp\/v2\/types\/product"}],"wp:featuredmedia":[{"embeddable":true,"href":"https:\/\/susistemapruebas.com\/grapi\/wp-json\/wp\/v2\/media\/8253"}],"wp:attachment":[{"href":"https:\/\/susistemapruebas.com\/grapi\/wp-json\/wp\/v2\/media?parent=8252"}],"wp:term":[{"taxonomy":"product_brand","embeddable":true,"href":"https:\/\/susistemapruebas.com\/grapi\/wp-json\/wp\/v2\/product_brand?post=8252"},{"taxonomy":"product_cat","embeddable":true,"href":"https:\/\/susistemapruebas.com\/grapi\/wp-json\/wp\/v2\/product_cat?post=8252"},{"taxonomy":"product_tag","embeddable":true,"href":"https:\/\/susistemapruebas.com\/grapi\/wp-json\/wp\/v2\/product_tag?post=8252"}],"curies":[{"name":"wp","href":"https:\/\/api.w.org\/{rel}","templated":true}]}}