{"id":8250,"date":"2024-07-05T00:05:56","date_gmt":"2024-07-05T00:05:56","guid":{"rendered":"https:\/\/susistemapruebas.com\/grapi\/?post_type=product&#038;p=8250"},"modified":"2024-07-05T00:05:56","modified_gmt":"2024-07-05T00:05:56","slug":"electroestimulador-intensity-select-combo","status":"publish","type":"product","link":"https:\/\/susistemapruebas.com\/grapi\/producto\/electroestimulador-intensity-select-combo\/","title":{"rendered":"ELECTROESTIMULADOR INTENSITY SELECT COMBO"},"content":{"rendered":"<p>Electroestimulador INTENSITY SELECT COMBO II (TENS, EMS, IF, RUSSA con 12 Programas Preestablecidos)<\/p>\n<p>Estimulador port\u00e1til de electroterapia que ofrece cuatro modos terap\u00e9uticos: Estimulaci\u00f3n el\u00e9ctrica transcut\u00e1nea del nervio (TENS), Estimulaci\u00f3n el\u00e9ctrica neuromuscular (EMS), Interferencial (IF) y RUSSA.<\/p>\n<p>Especificaciones:<\/p>\n<ul>\n<li>Dise\u00f1o de alta tecnolog\u00eda con gran pantalla LCD<\/li>\n<li>72 programas opcionales para el usuario.<\/li>\n<li>Preselecci\u00f3n y tiempo de tratamiento programable<\/li>\n<li>Bater\u00eda recargable de iones de litio de 3,7 V con LED Luz indicadora de carga<\/li>\n<li>Indicador de carga del electrodo<\/li>\n<li>Medidor de Cumplimiento<\/li>\n<li>Funci\u00f3n de bloqueo de seguridad<\/li>\n<li>Cada dispositivo incluye: Un paquete de electrodos (4), par de cables, bater\u00eda de iones de litio, cargador de pared y USB, dispositivo, manual e inicio r\u00e1pido gu\u00ede.<\/li>\n<li>Dimensiones: 4.6 \u201cx 2.36\u2033 x 0.83\u201d<\/li>\n<li>Peso: 0,22 libras. Sin bater\u00eda<\/li>\n<\/ul>\n","protected":false},"excerpt":{"rendered":"<h4><strong>ELECTROESTIMULADOR INTENSITY SELECT COMBO II<\/strong><\/h4>\n","protected":false},"featured_media":8251,"template":"","meta":[],"product_brand":[],"product_cat":[74],"product_tag":[],"class_list":{"0":"post-8250","1":"product","2":"type-product","3":"status-publish","4":"has-post-thumbnail","6":"product_cat-electroterapia","8":"first","9":"instock","10":"shipping-taxable","11":"product-type-simple"},"_links":{"self":[{"href":"https:\/\/susistemapruebas.com\/grapi\/wp-json\/wp\/v2\/product\/8250","targetHints":{"allow":["GET"]}}],"collection":[{"href":"https:\/\/susistemapruebas.com\/grapi\/wp-json\/wp\/v2\/product"}],"about":[{"href":"https:\/\/susistemapruebas.com\/grapi\/wp-json\/wp\/v2\/types\/product"}],"wp:featuredmedia":[{"embeddable":true,"href":"https:\/\/susistemapruebas.com\/grapi\/wp-json\/wp\/v2\/media\/8251"}],"wp:attachment":[{"href":"https:\/\/susistemapruebas.com\/grapi\/wp-json\/wp\/v2\/media?parent=8250"}],"wp:term":[{"taxonomy":"product_brand","embeddable":true,"href":"https:\/\/susistemapruebas.com\/grapi\/wp-json\/wp\/v2\/product_brand?post=8250"},{"taxonomy":"product_cat","embeddable":true,"href":"https:\/\/susistemapruebas.com\/grapi\/wp-json\/wp\/v2\/product_cat?post=8250"},{"taxonomy":"product_tag","embeddable":true,"href":"https:\/\/susistemapruebas.com\/grapi\/wp-json\/wp\/v2\/product_tag?post=8250"}],"curies":[{"name":"wp","href":"https:\/\/api.w.org\/{rel}","templated":true}]}}