{"id":8248,"date":"2024-07-05T00:04:10","date_gmt":"2024-07-05T00:04:10","guid":{"rendered":"https:\/\/susistemapruebas.com\/grapi\/?post_type=product&#038;p=8248"},"modified":"2024-07-05T00:04:10","modified_gmt":"2024-07-05T00:04:10","slug":"electroestimulador-intensity-2","status":"publish","type":"product","link":"https:\/\/susistemapruebas.com\/grapi\/producto\/electroestimulador-intensity-2\/","title":{"rendered":"ELECTROESTIMULADOR INTENSITY"},"content":{"rendered":"<p>Es un dispositivo de electroterapia port\u00e1til y f\u00e1cil de usar. Completo con cuatro formas de onda, le proporciona a usted y sus pacientes una flexibilidad para tratar una variedad de problemas de m\u00fasculo.<\/p>\n<p>Estimulador port\u00e1til de electroterapia que ofrece cuatro modos terap\u00e9uticos:<\/p>\n<p>Estimulaci\u00f3n el\u00e9ctrica transcut\u00e1nea del nervio (TENS)<\/p>\n<p>Estimulaci\u00f3n el\u00e9ctrica neuromuscular (EMS)<\/p>\n<p>Interferencial (IF)<\/p>\n<p>Microcorriente MICRO<\/p>\n<p>Dise\u00f1o de alta tecnolog\u00eda con gran pantalla LCD,\u00a012 programas preestablecidos y 6 programas opcionales para el usuario.\u00a0Preselecci\u00f3n y tiempo de tratamiento programable.\u00a0Bater\u00eda recargable de iones de litio de 3,7 V con LED Luz indicadora de carga.\u00a0Indicador de carga del electrodo.\u00a0Medidor de Cumplimiento.\u00a0Funci\u00f3n de bloqueo de seguridad<\/p>\n","protected":false},"excerpt":{"rendered":"<h4><strong>ELECTROESTIMULADOR INTENSITY SELECT COMBO (TENS, EMS, IF, MICRO)<\/strong><\/h4>\n","protected":false},"featured_media":8249,"template":"","meta":[],"product_brand":[],"product_cat":[74],"product_tag":[],"class_list":{"0":"post-8248","1":"product","2":"type-product","3":"status-publish","4":"has-post-thumbnail","6":"product_cat-electroterapia","8":"first","9":"instock","10":"shipping-taxable","11":"product-type-simple"},"_links":{"self":[{"href":"https:\/\/susistemapruebas.com\/grapi\/wp-json\/wp\/v2\/product\/8248","targetHints":{"allow":["GET"]}}],"collection":[{"href":"https:\/\/susistemapruebas.com\/grapi\/wp-json\/wp\/v2\/product"}],"about":[{"href":"https:\/\/susistemapruebas.com\/grapi\/wp-json\/wp\/v2\/types\/product"}],"wp:featuredmedia":[{"embeddable":true,"href":"https:\/\/susistemapruebas.com\/grapi\/wp-json\/wp\/v2\/media\/8249"}],"wp:attachment":[{"href":"https:\/\/susistemapruebas.com\/grapi\/wp-json\/wp\/v2\/media?parent=8248"}],"wp:term":[{"taxonomy":"product_brand","embeddable":true,"href":"https:\/\/susistemapruebas.com\/grapi\/wp-json\/wp\/v2\/product_brand?post=8248"},{"taxonomy":"product_cat","embeddable":true,"href":"https:\/\/susistemapruebas.com\/grapi\/wp-json\/wp\/v2\/product_cat?post=8248"},{"taxonomy":"product_tag","embeddable":true,"href":"https:\/\/susistemapruebas.com\/grapi\/wp-json\/wp\/v2\/product_tag?post=8248"}],"curies":[{"name":"wp","href":"https:\/\/api.w.org\/{rel}","templated":true}]}}