{"id":8245,"date":"2024-07-05T00:02:19","date_gmt":"2024-07-05T00:02:19","guid":{"rendered":"https:\/\/susistemapruebas.com\/grapi\/?post_type=product&#038;p=8245"},"modified":"2024-07-05T00:02:19","modified_gmt":"2024-07-05T00:02:19","slug":"electroestimulador-intensity","status":"publish","type":"product","link":"https:\/\/susistemapruebas.com\/grapi\/producto\/electroestimulador-intensity\/","title":{"rendered":"ELECTROESTIMULADOR INTENSITY"},"content":{"rendered":"<p>ELECTROESTIMULADOR INTENSITY 10 (TENS CON 10 PROGRAMAS PREESTABLECIDOS)<\/p>\n<p>La Unidad TENS Digital InTENSity 10 es una de las unidades estimuladoras m\u00e1s populares de la familia de dispositivos digitales de alta calidad InTENSity. Este dispositivo viene equipado con 10 programas de tratamiento TENS pre-establecidos, probados cl\u00ednicamente y que alivian el dolor, organizados por diferentes partes del cuerpo, lo que lo convierte en uno de los dispositivos TENS m\u00e1s f\u00e1ciles y efectivos disponibles en el mercado hoy en d\u00eda. El dispositivo est\u00e1 listo para funcionar eficazmente en base al \u00e1rea del cuerpo que se est\u00e1 tratando, con un programa de tratamiento personalizado basado en protocolos de investigaci\u00f3n cl\u00ednica.<\/p>\n<p>A menudo se recomienda utilizar una unidad TENS, como InTENSity 10, para aliviar el dolor cr\u00f3nico intratable, el dolor postraum\u00e1tico agudo, el dolor postquir\u00fargico agudo y el dolor artr\u00edtico, entre otras afecciones.<\/p>\n","protected":false},"excerpt":{"rendered":"<h4><strong>ELECTROESTIMULADOR INTENSITY 10<\/strong><\/h4>\n","protected":false},"featured_media":8246,"template":"","meta":[],"product_brand":[],"product_cat":[74],"product_tag":[],"class_list":{"0":"post-8245","1":"product","2":"type-product","3":"status-publish","4":"has-post-thumbnail","6":"product_cat-electroterapia","8":"first","9":"instock","10":"shipping-taxable","11":"product-type-simple"},"_links":{"self":[{"href":"https:\/\/susistemapruebas.com\/grapi\/wp-json\/wp\/v2\/product\/8245","targetHints":{"allow":["GET"]}}],"collection":[{"href":"https:\/\/susistemapruebas.com\/grapi\/wp-json\/wp\/v2\/product"}],"about":[{"href":"https:\/\/susistemapruebas.com\/grapi\/wp-json\/wp\/v2\/types\/product"}],"wp:featuredmedia":[{"embeddable":true,"href":"https:\/\/susistemapruebas.com\/grapi\/wp-json\/wp\/v2\/media\/8246"}],"wp:attachment":[{"href":"https:\/\/susistemapruebas.com\/grapi\/wp-json\/wp\/v2\/media?parent=8245"}],"wp:term":[{"taxonomy":"product_brand","embeddable":true,"href":"https:\/\/susistemapruebas.com\/grapi\/wp-json\/wp\/v2\/product_brand?post=8245"},{"taxonomy":"product_cat","embeddable":true,"href":"https:\/\/susistemapruebas.com\/grapi\/wp-json\/wp\/v2\/product_cat?post=8245"},{"taxonomy":"product_tag","embeddable":true,"href":"https:\/\/susistemapruebas.com\/grapi\/wp-json\/wp\/v2\/product_tag?post=8245"}],"curies":[{"name":"wp","href":"https:\/\/api.w.org\/{rel}","templated":true}]}}