{"id":8241,"date":"2024-07-04T23:58:48","date_gmt":"2024-07-04T23:58:48","guid":{"rendered":"https:\/\/susistemapruebas.com\/grapi\/?post_type=product&#038;p=8241"},"modified":"2024-07-04T23:58:48","modified_gmt":"2024-07-04T23:58:48","slug":"electroestimulador-care-tec-iv","status":"publish","type":"product","link":"https:\/\/susistemapruebas.com\/grapi\/producto\/electroestimulador-care-tec-iv\/","title":{"rendered":"ELECTROESTIMULADOR CARE TEC IV"},"content":{"rendered":"<p>Nos ofrece una combinaci\u00f3n de la estimulaci\u00f3n el\u00e9ctrica muscular (EMS), la estimulaci\u00f3n el\u00e9ctrica transcut\u00e1nea de nervios (TENS), IF y corriente RUSAS, brind\u00e1ndonos una gran variedad de tratamientos. M\u00e1xima portabilidad y f\u00e1cil manejo que le ofrece todas las opciones de un dispositivo cl\u00ednico en un paquete port\u00e1til.<\/p>\n<p>CARACTER\u00cdSTICAS<\/p>\n<p>Dispositivo de doble canal.<\/p>\n<p>F\u00e1cil de operar, dispositivo port\u00e1til para el manejo del dolor.<\/p>\n<p>Cuatro formas de onda, EMS, TENS, IF Y RUSA.<\/p>\n","protected":false},"excerpt":{"rendered":"<h4><strong>ELECTROESTIMULADOR CARE TEC IV (IF, RUSSA, TENS, EMS)<\/strong><\/h4>\n","protected":false},"featured_media":8242,"template":"","meta":[],"product_brand":[],"product_cat":[74],"product_tag":[],"class_list":{"0":"post-8241","1":"product","2":"type-product","3":"status-publish","4":"has-post-thumbnail","6":"product_cat-electroterapia","8":"first","9":"instock","10":"shipping-taxable","11":"product-type-simple"},"_links":{"self":[{"href":"https:\/\/susistemapruebas.com\/grapi\/wp-json\/wp\/v2\/product\/8241","targetHints":{"allow":["GET"]}}],"collection":[{"href":"https:\/\/susistemapruebas.com\/grapi\/wp-json\/wp\/v2\/product"}],"about":[{"href":"https:\/\/susistemapruebas.com\/grapi\/wp-json\/wp\/v2\/types\/product"}],"wp:featuredmedia":[{"embeddable":true,"href":"https:\/\/susistemapruebas.com\/grapi\/wp-json\/wp\/v2\/media\/8242"}],"wp:attachment":[{"href":"https:\/\/susistemapruebas.com\/grapi\/wp-json\/wp\/v2\/media?parent=8241"}],"wp:term":[{"taxonomy":"product_brand","embeddable":true,"href":"https:\/\/susistemapruebas.com\/grapi\/wp-json\/wp\/v2\/product_brand?post=8241"},{"taxonomy":"product_cat","embeddable":true,"href":"https:\/\/susistemapruebas.com\/grapi\/wp-json\/wp\/v2\/product_cat?post=8241"},{"taxonomy":"product_tag","embeddable":true,"href":"https:\/\/susistemapruebas.com\/grapi\/wp-json\/wp\/v2\/product_tag?post=8241"}],"curies":[{"name":"wp","href":"https:\/\/api.w.org\/{rel}","templated":true}]}}