{"id":8236,"date":"2024-07-04T23:54:29","date_gmt":"2024-07-04T23:54:29","guid":{"rendered":"https:\/\/susistemapruebas.com\/grapi\/?post_type=product&#038;p=8236"},"modified":"2024-07-04T23:54:29","modified_gmt":"2024-07-04T23:54:29","slug":"electrodos-valud-trode-tela","status":"publish","type":"product","link":"https:\/\/susistemapruebas.com\/grapi\/producto\/electrodos-valud-trode-tela\/","title":{"rendered":"ELECTRODOS VALUD TRODE TELA"},"content":{"rendered":"<p>Electrodos de neuroestimulaci\u00f3n que ofrecen lo \u00faltimo en flexibilidad y confort para garantizar la distribuci\u00f3n de corriente \u00f3ptima.<\/p>\n<p>Medidas:<\/p>\n<ol>\n<li>Cuadrado 5x5cm<\/li>\n<li>Rectangular 5x9cm<\/li>\n<li>Facial 3.2cm<\/li>\n<\/ol>\n<p>Electrodos Platinum:<\/p>\n<ol>\n<li>ELECTRODOS PLATINUM 3.2 FACIAL<\/li>\n<li>ELECTRODOS PLATINUM 5X5 CM<\/li>\n<li>ELECTRODOS PLATINUM 5X9 CM<\/li>\n<li>ELECTRODO 7,5 X 13 CM FOMI<\/li>\n<\/ol>\n","protected":false},"excerpt":{"rendered":"<p>ELECTRODOS VALUD TRODE TELA<\/p>\n","protected":false},"featured_media":8237,"template":"","meta":[],"product_brand":[],"product_cat":[74],"product_tag":[],"class_list":{"0":"post-8236","1":"product","2":"type-product","3":"status-publish","4":"has-post-thumbnail","6":"product_cat-electroterapia","8":"first","9":"instock","10":"shipping-taxable","11":"product-type-simple"},"_links":{"self":[{"href":"https:\/\/susistemapruebas.com\/grapi\/wp-json\/wp\/v2\/product\/8236","targetHints":{"allow":["GET"]}}],"collection":[{"href":"https:\/\/susistemapruebas.com\/grapi\/wp-json\/wp\/v2\/product"}],"about":[{"href":"https:\/\/susistemapruebas.com\/grapi\/wp-json\/wp\/v2\/types\/product"}],"wp:featuredmedia":[{"embeddable":true,"href":"https:\/\/susistemapruebas.com\/grapi\/wp-json\/wp\/v2\/media\/8237"}],"wp:attachment":[{"href":"https:\/\/susistemapruebas.com\/grapi\/wp-json\/wp\/v2\/media?parent=8236"}],"wp:term":[{"taxonomy":"product_brand","embeddable":true,"href":"https:\/\/susistemapruebas.com\/grapi\/wp-json\/wp\/v2\/product_brand?post=8236"},{"taxonomy":"product_cat","embeddable":true,"href":"https:\/\/susistemapruebas.com\/grapi\/wp-json\/wp\/v2\/product_cat?post=8236"},{"taxonomy":"product_tag","embeddable":true,"href":"https:\/\/susistemapruebas.com\/grapi\/wp-json\/wp\/v2\/product_tag?post=8236"}],"curies":[{"name":"wp","href":"https:\/\/api.w.org\/{rel}","templated":true}]}}