{"id":8223,"date":"2024-07-04T23:36:38","date_gmt":"2024-07-04T23:36:38","guid":{"rendered":"https:\/\/susistemapruebas.com\/grapi\/?post_type=product&#038;p=8223"},"modified":"2024-07-04T23:36:38","modified_gmt":"2024-07-04T23:36:38","slug":"rollos-tumble","status":"publish","type":"product","link":"https:\/\/susistemapruebas.com\/grapi\/producto\/rollos-tumble\/","title":{"rendered":"ROLLOS TUMBLE"},"content":{"rendered":"<p>El rollo ideal de fitness y rehabilitaci\u00f3n<\/p>\n<p>Los Tumble Forms 2 Rolls est\u00e1n dise\u00f1ados pensando en aplicaciones efectivas de rehabilitaci\u00f3n y acondicionamiento f\u00edsico. Uso en entrenamiento posicional y de desarrollo neurol\u00f3gico y para pacientes con necesidades especiales. Tumble Forms 2 Rolls proporciona una herramienta firme pero suave para mejorar la percepci\u00f3n sensorial y ayuda en los ejercicios de acondicionamiento f\u00edsico y rehabilitaci\u00f3n de balanceo y balanceo.<\/p>\n<p>Construido resistente y limpio<\/p>\n<p>La construcci\u00f3n sin costuras del rollo proporciona una barrera eficaz contra la humedad y el revestimiento de vinilo de cada rollo es higi\u00e9nico y f\u00e1cil de limpiar, limpiar y desinfectar. Tambi\u00e9n son extremadamente resistentes a la abrasi\u00f3n y al desgarro, lo que los hace rentables e ideales para un uso prolongado.<\/p>\n<p>El dise\u00f1o, la forma y el tama\u00f1o que necesita<\/p>\n<p>La mejor parte de Tumble Forms 2 Rolls es la variedad. Con tama\u00f1os que van desde grandes a peque\u00f1os y diferentes longitudes y combinaciones de elevaci\u00f3n, los m\u00e9dicos y terapeutas pueden satisfacer cualquier necesidad de cualquier paciente y hacerlo en cuatro colores diferentes.<\/p>\n<ul>\n<li>Construcci\u00f3n suave pero firme para una rehabilitaci\u00f3n suave y efectiva.<\/li>\n<li>El material de vinilo no contiene l\u00e1tex, es f\u00e1cil de limpiar y desinfectar y evita el crecimiento de moho y hongos.<\/li>\n<li>Cada rollo tiene un n\u00facleo interior s\u00f3lido para evitar que se aplaste en todo el rollo.<\/li>\n<li>Todos los tama\u00f1os (excepto el rollo de 4 pulgadas) vienen con una correa de transporte para facilitar su transporte y almacenamiento.<\/li>\n<li>Disponible en cuatro opciones de color diferentes<\/li>\n<\/ul>\n","protected":false},"excerpt":{"rendered":"<p><strong>ROLLOS\u00a0 TUMBLE FORMS 2<\/strong><\/p>\n","protected":false},"featured_media":8224,"template":"","meta":[],"product_brand":[],"product_cat":[70],"product_tag":[],"class_list":{"0":"post-8223","1":"product","2":"type-product","3":"status-publish","4":"has-post-thumbnail","6":"product_cat-articulos-posturales","8":"first","9":"instock","10":"shipping-taxable","11":"product-type-simple"},"_links":{"self":[{"href":"https:\/\/susistemapruebas.com\/grapi\/wp-json\/wp\/v2\/product\/8223","targetHints":{"allow":["GET"]}}],"collection":[{"href":"https:\/\/susistemapruebas.com\/grapi\/wp-json\/wp\/v2\/product"}],"about":[{"href":"https:\/\/susistemapruebas.com\/grapi\/wp-json\/wp\/v2\/types\/product"}],"wp:featuredmedia":[{"embeddable":true,"href":"https:\/\/susistemapruebas.com\/grapi\/wp-json\/wp\/v2\/media\/8224"}],"wp:attachment":[{"href":"https:\/\/susistemapruebas.com\/grapi\/wp-json\/wp\/v2\/media?parent=8223"}],"wp:term":[{"taxonomy":"product_brand","embeddable":true,"href":"https:\/\/susistemapruebas.com\/grapi\/wp-json\/wp\/v2\/product_brand?post=8223"},{"taxonomy":"product_cat","embeddable":true,"href":"https:\/\/susistemapruebas.com\/grapi\/wp-json\/wp\/v2\/product_cat?post=8223"},{"taxonomy":"product_tag","embeddable":true,"href":"https:\/\/susistemapruebas.com\/grapi\/wp-json\/wp\/v2\/product_tag?post=8223"}],"curies":[{"name":"wp","href":"https:\/\/api.w.org\/{rel}","templated":true}]}}