{"id":8216,"date":"2024-07-04T23:32:47","date_gmt":"2024-07-04T23:32:47","guid":{"rendered":"https:\/\/susistemapruebas.com\/grapi\/?post_type=product&#038;p=8216"},"modified":"2024-07-04T23:32:47","modified_gmt":"2024-07-04T23:32:47","slug":"correas-de-repuesto","status":"publish","type":"product","link":"https:\/\/susistemapruebas.com\/grapi\/producto\/correas-de-repuesto\/","title":{"rendered":"CORREAS DE REPUESTO"},"content":{"rendered":"<p>Dise\u00f1adas para sistemas de asiento de posicionamiento, las correas de repuesto\u00a0 Tumble Forms 2 consisten en correas en \u201cH\u201d o cinturones p\u00e9lvicos para reemplazar c\u00f3modamente los cinturones rotos. La correa en H est\u00e1 dise\u00f1ada para sostener c\u00f3modamente el torso y el cintur\u00f3n p\u00e9lvico ayuda a mantener la parte inferior del cuerpo en su lugar de forma segura. Las correas de repuesto est\u00e1n disponibles en varios tama\u00f1os diferentes para adaptarse a ni\u00f1os y adolescentes j\u00f3venes de diferentes alturas.<\/p>\n<p>El cintur\u00f3n p\u00e9lvico mantiene la parte inferior del cuerpo segura<\/p>\n<p>El cintur\u00f3n p\u00e9lvico est\u00e1 disponible en cuatro tama\u00f1os diferentes que incluyen:<\/p>\n<ol>\n<li>Peque\u00f1o (32 \u00ab),<\/li>\n<li>Mediano (40\u2033),<\/li>\n<li>Grande (44 \u00ab)<\/li>\n<li>Extra grande (56\u2033).<\/li>\n<\/ol>\n<p>La peque\u00f1a correa de repuesto es ideal para el asiento peque\u00f1o y el cuidador de piso de lujo. La correa de repuesto mediana es para el asiento mediano y el cuidador de piso de lujo. La correa de repuesto grande es para el asiento grande, el cuidador de piso grande de lujo y la silla de esquina universal. Por \u00faltimo, la correa de repuesto extra grande es para el asiento extra grande y la ni\u00f1era de lujo.<\/p>\n<p>La correa en H soporta c\u00f3modamente el torso.<\/p>\n<p>La correa en H viene en cuatro tama\u00f1os adicionales que incluyen:<\/p>\n<ol>\n<li>Peque\u00f1o (60 \u00ab)<\/li>\n<li>Mediano (72\u2033)<\/li>\n<li>Grande (86 \u00ab)<\/li>\n<li>Extra grande (109\u2033).<\/li>\n<\/ol>\n","protected":false},"excerpt":{"rendered":"<p><strong>CORREAS DE REPUESTO DEL ASIENTO POSICIONADOR.<\/strong><\/p>\n","protected":false},"featured_media":8217,"template":"","meta":[],"product_brand":[],"product_cat":[70],"product_tag":[],"class_list":{"0":"post-8216","1":"product","2":"type-product","3":"status-publish","4":"has-post-thumbnail","6":"product_cat-articulos-posturales","8":"first","9":"instock","10":"shipping-taxable","11":"product-type-simple"},"_links":{"self":[{"href":"https:\/\/susistemapruebas.com\/grapi\/wp-json\/wp\/v2\/product\/8216","targetHints":{"allow":["GET"]}}],"collection":[{"href":"https:\/\/susistemapruebas.com\/grapi\/wp-json\/wp\/v2\/product"}],"about":[{"href":"https:\/\/susistemapruebas.com\/grapi\/wp-json\/wp\/v2\/types\/product"}],"wp:featuredmedia":[{"embeddable":true,"href":"https:\/\/susistemapruebas.com\/grapi\/wp-json\/wp\/v2\/media\/8217"}],"wp:attachment":[{"href":"https:\/\/susistemapruebas.com\/grapi\/wp-json\/wp\/v2\/media?parent=8216"}],"wp:term":[{"taxonomy":"product_brand","embeddable":true,"href":"https:\/\/susistemapruebas.com\/grapi\/wp-json\/wp\/v2\/product_brand?post=8216"},{"taxonomy":"product_cat","embeddable":true,"href":"https:\/\/susistemapruebas.com\/grapi\/wp-json\/wp\/v2\/product_cat?post=8216"},{"taxonomy":"product_tag","embeddable":true,"href":"https:\/\/susistemapruebas.com\/grapi\/wp-json\/wp\/v2\/product_tag?post=8216"}],"curies":[{"name":"wp","href":"https:\/\/api.w.org\/{rel}","templated":true}]}}