{"id":8214,"date":"2024-07-04T23:29:44","date_gmt":"2024-07-04T23:29:44","guid":{"rendered":"https:\/\/susistemapruebas.com\/grapi\/?post_type=product&#038;p=8214"},"modified":"2024-07-04T23:29:44","modified_gmt":"2024-07-04T23:29:44","slug":"collar-tumble","status":"publish","type":"product","link":"https:\/\/susistemapruebas.com\/grapi\/producto\/collar-tumble\/","title":{"rendered":"COLLAR TUMBLE"},"content":{"rendered":"<p>El collar apoya la l\u00ednea de la mand\u00edbula y la regi\u00f3n occipital para ayudar a mejorar el control de la cabeza, la flexi\u00f3n del cuello y la posici\u00f3n de la l\u00ednea media. El asiento de posicionamiento y el collar es Ideal para ni\u00f1os que pueden necesitar ayuda con el control de la cabeza y el cuello y la posici\u00f3n de la l\u00ednea media. Apoya la l\u00ednea de la mand\u00edbula y la regi\u00f3n occipital para mejorar la posici\u00f3n de la l\u00ednea media, la flexi\u00f3n del cuello y el control de la cabeza y el cuello. Tambi\u00e9n se puede utilizar con otros sistemas de asientos.<\/p>\n<p>Se puede usar solo o con el asiento de posicionamiento y otros sistemas de asientos. Dise\u00f1ado para adaptarse al sistema de asiento Carrie de tama\u00f1o elemental. Se fija en la parte delantera con un cierre de velcro de liberaci\u00f3n r\u00e1pida. El Carrie Collar es resistente a los olores con una mayor durabilidad. Presenta una cubierta sin costuras, impermeable a los fluidos y f\u00e1cil de limpiar.<\/p>\n<p>Caracter\u00edsticas:<\/p>\n<p>Se adapta a una circunferencia de cuello de 14 \u00ab.<\/p>\n<p>Revestimiento sin costuras, impermeable a los fluidos y f\u00e1cil de limpiar.<\/p>\n<p>Nota: El collar de transporte no debe usarse como un sistema de sujeci\u00f3n infantil durante el transporte.<\/p>\n","protected":false},"excerpt":{"rendered":"<p><strong>EL CARRIE COLLAR TUMBLE FORMS 2<\/strong><\/p>\n","protected":false},"featured_media":8215,"template":"","meta":[],"product_brand":[],"product_cat":[70],"product_tag":[],"class_list":{"0":"post-8214","1":"product","2":"type-product","3":"status-publish","4":"has-post-thumbnail","6":"product_cat-articulos-posturales","8":"first","9":"instock","10":"shipping-taxable","11":"product-type-simple"},"_links":{"self":[{"href":"https:\/\/susistemapruebas.com\/grapi\/wp-json\/wp\/v2\/product\/8214","targetHints":{"allow":["GET"]}}],"collection":[{"href":"https:\/\/susistemapruebas.com\/grapi\/wp-json\/wp\/v2\/product"}],"about":[{"href":"https:\/\/susistemapruebas.com\/grapi\/wp-json\/wp\/v2\/types\/product"}],"wp:featuredmedia":[{"embeddable":true,"href":"https:\/\/susistemapruebas.com\/grapi\/wp-json\/wp\/v2\/media\/8215"}],"wp:attachment":[{"href":"https:\/\/susistemapruebas.com\/grapi\/wp-json\/wp\/v2\/media?parent=8214"}],"wp:term":[{"taxonomy":"product_brand","embeddable":true,"href":"https:\/\/susistemapruebas.com\/grapi\/wp-json\/wp\/v2\/product_brand?post=8214"},{"taxonomy":"product_cat","embeddable":true,"href":"https:\/\/susistemapruebas.com\/grapi\/wp-json\/wp\/v2\/product_cat?post=8214"},{"taxonomy":"product_tag","embeddable":true,"href":"https:\/\/susistemapruebas.com\/grapi\/wp-json\/wp\/v2\/product_tag?post=8214"}],"curies":[{"name":"wp","href":"https:\/\/api.w.org\/{rel}","templated":true}]}}