{"id":8210,"date":"2024-07-04T23:25:47","date_gmt":"2024-07-04T23:25:47","guid":{"rendered":"https:\/\/susistemapruebas.com\/grapi\/?post_type=product&#038;p=8210"},"modified":"2024-07-04T23:25:48","modified_gmt":"2024-07-04T23:25:48","slug":"base-posicionador-para-asiento-posicionador","status":"publish","type":"product","link":"https:\/\/susistemapruebas.com\/grapi\/producto\/base-posicionador-para-asiento-posicionador\/","title":{"rendered":"BASE POSICIONADOR PARA ASIENTO POSICIONADOR"},"content":{"rendered":"<p>Se usa para mantener a los ni\u00f1os en posici\u00f3n vertical<\/p>\n<p>Es f\u00e1cil colocar a un ni\u00f1o dentro y fuera, fomenta un buen posicionamiento b\u00e1sico sin ajustes complicados y es liviano para facilitar su transporte. Cuenta con ranuras para el arn\u00e9s de hombros que permiten un ajuste vertical de 4 pulgadas de las correas de los hombros, acomodando a ni\u00f1os de diferentes alturas al tiempo que brindan comodidad y m\u00e1xima seguridad.<\/p>\n<p>La cubierta sin costuras no t\u00f3xica evita los olores<\/p>\n<p>La protecci\u00f3n antimicrobiana trabaja desde adentro para ayudar a inhibir o prevenir los olores. Tambi\u00e9n previene el desgaste prematuro del revestimiento causado por el crecimiento de microorganismos da\u00f1inos que puede ocurrir durante las condiciones normales de uso.<\/p>\n<p>Disponible en varios tama\u00f1os y colores<\/p>\n<p>El revestimiento sin costuras no t\u00f3xico es flexible y duradero, resiste el agrietamiento y el pelado durante largos per\u00edodos de tiempo y conserva su forma despu\u00e9s de un uso intensivo a largo plazo. Cubierto con protecci\u00f3n antimicrobiana, el exterior no se desgastar\u00e1 ni se lavar\u00e1 y trabajar\u00e1 continuamente para ayudar a mantener una acci\u00f3n antimicrobiana permanente. La base m\u00f3vil duradera es impermeable, a prueba de orina, resiste grietas y peladuras, y es f\u00e1cilmente lavable.<\/p>\n","protected":false},"excerpt":{"rendered":"<p><strong>BASE POSICIONADOR PARA ASIENTO POSICIONADOR FEEDER SEAT CU\u00d1A.<\/strong><\/p>\n","protected":false},"featured_media":8211,"template":"","meta":[],"product_brand":[],"product_cat":[70],"product_tag":[],"class_list":{"0":"post-8210","1":"product","2":"type-product","3":"status-publish","4":"has-post-thumbnail","6":"product_cat-articulos-posturales","8":"first","9":"instock","10":"shipping-taxable","11":"product-type-simple"},"_links":{"self":[{"href":"https:\/\/susistemapruebas.com\/grapi\/wp-json\/wp\/v2\/product\/8210","targetHints":{"allow":["GET"]}}],"collection":[{"href":"https:\/\/susistemapruebas.com\/grapi\/wp-json\/wp\/v2\/product"}],"about":[{"href":"https:\/\/susistemapruebas.com\/grapi\/wp-json\/wp\/v2\/types\/product"}],"wp:featuredmedia":[{"embeddable":true,"href":"https:\/\/susistemapruebas.com\/grapi\/wp-json\/wp\/v2\/media\/8211"}],"wp:attachment":[{"href":"https:\/\/susistemapruebas.com\/grapi\/wp-json\/wp\/v2\/media?parent=8210"}],"wp:term":[{"taxonomy":"product_brand","embeddable":true,"href":"https:\/\/susistemapruebas.com\/grapi\/wp-json\/wp\/v2\/product_brand?post=8210"},{"taxonomy":"product_cat","embeddable":true,"href":"https:\/\/susistemapruebas.com\/grapi\/wp-json\/wp\/v2\/product_cat?post=8210"},{"taxonomy":"product_tag","embeddable":true,"href":"https:\/\/susistemapruebas.com\/grapi\/wp-json\/wp\/v2\/product_tag?post=8210"}],"curies":[{"name":"wp","href":"https:\/\/api.w.org\/{rel}","templated":true}]}}