{"id":8208,"date":"2024-07-04T23:21:57","date_gmt":"2024-07-04T23:21:57","guid":{"rendered":"https:\/\/susistemapruebas.com\/grapi\/?post_type=product&#038;p=8208"},"modified":"2024-07-04T23:21:57","modified_gmt":"2024-07-04T23:21:57","slug":"base-movil","status":"publish","type":"product","link":"https:\/\/susistemapruebas.com\/grapi\/producto\/base-movil\/","title":{"rendered":"BASE MOVIL"},"content":{"rendered":"<p>Desarrolle la fuerza de las extremidades inferiores mientras est\u00e1 sentado<\/p>\n<p>La base rueda de manera suave y segura sobre ruedas giratorias de bloqueo y fomenta la interacci\u00f3n positiva entre el usuario y el cuidador, as\u00ed como sus compa\u00f1eros.<\/p>\n<p>Ideal para ni\u00f1os con retraso en el desarrollo y par\u00e1lisis cerebral que carecen de un equilibrio adecuado al sentarse o del control de la cabeza y la boca. Incluye una base m\u00f3vil y un asiento alimentador, lo que ayuda a mejorar la fuerza de las piernas al permitir un ejercicio autopropulsado seguro y divertido.<\/p>\n<p>Es una excelente alternativa de posicionamiento \u00a1Agregue la base m\u00f3vil para que su asiento POSICIONADOR sea m\u00f3vil para padres e hijos con necesidades especiales! \u00a0Esta base m\u00f3vil es ideal para ni\u00f1os que no pueden caminar pero que a\u00fan pueden movilizarse. Les permite desarrollar la fuerza de las extremidades inferiores y moverse de forma independiente. \u00a1La base m\u00f3vil incluye ruedas traseras de bloqueo f\u00e1ciles de rodar y hace que su asiento alimentador existente sea m\u00f3vil!<\/p>\n<p>Elija su color y tama\u00f1o<\/p>\n<p>La base m\u00f3vil del asiento del alimentador est\u00e1 disponible en dos colores, lo que le permite mezclar o combinar con su asiento del alimentador existente.<\/p>\n<p>La base m\u00f3vil tambi\u00e9n viene en tres tama\u00f1os. Los tama\u00f1os mediano y grande tienen una base de madera cubierta con una cubierta Tumble Forms 2 que es f\u00e1cil de limpiar. El tama\u00f1o X-Large est\u00e1 hecho de tubos de acero. Elija el tama\u00f1o que coincida con su asiento alimentador.<\/p>\n<ul>\n<li>Medio<\/li>\n<li>Grande<\/li>\n<li>Extragrande<\/li>\n<\/ul>\n<p>Cubierto con protecci\u00f3n antimicrobiana, el exterior no se desgastar\u00e1 ni se lavar\u00e1 y trabajar\u00e1 continuamente para ayudar a mantener una acci\u00f3n antimicrobiana permanente. La base m\u00f3vil duradera es impermeable, a prueba de orina, resiste grietas y peladuras, y es f\u00e1cilmente lavable.<\/p>\n","protected":false},"excerpt":{"rendered":"<p><strong>BASE M\u00d3VIL TUMBLE FORMS 2 PARA ASIENTO POSICIONADOR FEEDER SEAT MOBILE FLOOR SITTER.<\/strong><\/p>\n","protected":false},"featured_media":8209,"template":"","meta":[],"product_brand":[],"product_cat":[70],"product_tag":[],"class_list":{"0":"post-8208","1":"product","2":"type-product","3":"status-publish","4":"has-post-thumbnail","6":"product_cat-articulos-posturales","8":"first","9":"instock","10":"shipping-taxable","11":"product-type-simple"},"_links":{"self":[{"href":"https:\/\/susistemapruebas.com\/grapi\/wp-json\/wp\/v2\/product\/8208","targetHints":{"allow":["GET"]}}],"collection":[{"href":"https:\/\/susistemapruebas.com\/grapi\/wp-json\/wp\/v2\/product"}],"about":[{"href":"https:\/\/susistemapruebas.com\/grapi\/wp-json\/wp\/v2\/types\/product"}],"wp:featuredmedia":[{"embeddable":true,"href":"https:\/\/susistemapruebas.com\/grapi\/wp-json\/wp\/v2\/media\/8209"}],"wp:attachment":[{"href":"https:\/\/susistemapruebas.com\/grapi\/wp-json\/wp\/v2\/media?parent=8208"}],"wp:term":[{"taxonomy":"product_brand","embeddable":true,"href":"https:\/\/susistemapruebas.com\/grapi\/wp-json\/wp\/v2\/product_brand?post=8208"},{"taxonomy":"product_cat","embeddable":true,"href":"https:\/\/susistemapruebas.com\/grapi\/wp-json\/wp\/v2\/product_cat?post=8208"},{"taxonomy":"product_tag","embeddable":true,"href":"https:\/\/susistemapruebas.com\/grapi\/wp-json\/wp\/v2\/product_tag?post=8208"}],"curies":[{"name":"wp","href":"https:\/\/api.w.org\/{rel}","templated":true}]}}