{"id":8199,"date":"2024-07-04T23:17:22","date_gmt":"2024-07-04T23:17:22","guid":{"rendered":"https:\/\/susistemapruebas.com\/grapi\/?post_type=product&#038;p=8199"},"modified":"2024-07-04T23:17:22","modified_gmt":"2024-07-04T23:17:22","slug":"asiento-de-posicionamiento-peto","status":"publish","type":"product","link":"https:\/\/susistemapruebas.com\/grapi\/producto\/asiento-de-posicionamiento-peto\/","title":{"rendered":"ASIENTO DE POSICIONAMIENTO (PETO)"},"content":{"rendered":"<p>El asiento posicionador proporciona soporte y estabilidad. Los asientos se pueden colocar independientemente en el piso, o en una cu\u00f1a opcional o base m\u00f3vil. El asiento del alimentador es resistente al agua, a las manchas y al olor, no es t\u00f3xico y se puede limpiar f\u00e1cilmente. El Asiento de Posicionamiento incluye un interior contorneado y un arn\u00e9s de seguridad.\u00a0\u00a0 El asiento se puede usar para actividades en el hogar, la cl\u00ednica o la escuela. Proporciona un gran posicionamiento sin ajustes complicados.<\/p>\n<p>El interior contorneado del Asiento tiene una relaci\u00f3n de asiento con respaldo de 90 grados para alentar la postura correcta. Las ranuras del arn\u00e9s para el cintur\u00f3n o correas de hombros permiten un ajuste vertical de las correas de los hombros de 4 \u201c de ancho. El cintur\u00f3n p\u00e9lvico a 45\u00ba y el cintur\u00f3n en forma de \u201cH\u201d de liberaci\u00f3n r\u00e1pida ayudan a mantener la posici\u00f3n adecuada mientras lo mantienen seguro durante el uso.<\/p>\n<p>El asiento de posicionamiento se usa para mantener a los ni\u00f1os en posici\u00f3n vertical<\/p>\n<p>Desarrollado originalmente para la alimentaci\u00f3n, el posicionador del asiento del alimentador Tumble Forms 2 se puede usar para cualquier actividad a corto plazo en el hogar, la cl\u00ednica o la escuela como una alternativa a la silla de ruedas o el bipedestador de un ni\u00f1o. Es f\u00e1cil colocar a un ni\u00f1o dentro y fuera, fomenta un buen posicionamiento b\u00e1sico sin ajustes complicados y es liviano para facilitar su transporte.<\/p>\n<p>La cubierta sin costuras no t\u00f3xica evita los olores<\/p>\n<p>El asiento de posicionamiento contiene protecci\u00f3n antimicrobiana trabaja desde adentro para ayudar a inhibir o prevenir los olores. Tambi\u00e9n previene el desgaste prematuro del revestimiento causado por el crecimiento de microorganismos da\u00f1inos que puede ocurrir durante las condiciones normales de uso.<\/p>\n<p>Caracter\u00edsticas:<\/p>\n<ul>\n<li>Las ranuras del arn\u00e9s permiten\u00a0 ajuste vertical de las correas de los hombros.<\/li>\n<li>El \u00e1ngulo de 90\u00ba del asiento al respaldo fomenta la postura correcta.<\/li>\n<li>H-Belt ARNES es de liberaci\u00f3n r\u00e1pida, lo que facilita la colocaci\u00f3n del ni\u00f1o<\/li>\n<li>El asiento acomoda a infantes hasta adolescentes. Por favor, consulte la tabla de tallas.<\/li>\n<li>Se puede usar en posici\u00f3n vertical o reclinada<\/li>\n<li>La cubierta sin costuras es f\u00e1cil de lavar y desinfectar entre usos y es resistente al olor, la orina y las manchas.<\/li>\n<li>Los modelos Small y Medium cuentan con un asiento anti empuje para una mayor estabilidad y comodidad p\u00e9lvica. ( NO INCLUIDA )<\/li>\n<li>El asiento se puede unir a la silla alta-baja<\/li>\n<li>*\u00a0\u00a0\u00a0 Exclusivo por Performance Health<\/li>\n<\/ul>\n<p>Disponible en 3 tama\u00f1os para ni\u00f1os peque\u00f1os y adultos<\/p>\n","protected":false},"excerpt":{"rendered":"<h2><b>ASIENTO DE POSICIONAMIENTO (PETO)<\/b><\/h2>\n","protected":false},"featured_media":8200,"template":"","meta":[],"product_brand":[],"product_cat":[70],"product_tag":[],"class_list":{"0":"post-8199","1":"product","2":"type-product","3":"status-publish","4":"has-post-thumbnail","6":"product_cat-articulos-posturales","8":"first","9":"instock","10":"shipping-taxable","11":"product-type-simple"},"_links":{"self":[{"href":"https:\/\/susistemapruebas.com\/grapi\/wp-json\/wp\/v2\/product\/8199","targetHints":{"allow":["GET"]}}],"collection":[{"href":"https:\/\/susistemapruebas.com\/grapi\/wp-json\/wp\/v2\/product"}],"about":[{"href":"https:\/\/susistemapruebas.com\/grapi\/wp-json\/wp\/v2\/types\/product"}],"wp:featuredmedia":[{"embeddable":true,"href":"https:\/\/susistemapruebas.com\/grapi\/wp-json\/wp\/v2\/media\/8200"}],"wp:attachment":[{"href":"https:\/\/susistemapruebas.com\/grapi\/wp-json\/wp\/v2\/media?parent=8199"}],"wp:term":[{"taxonomy":"product_brand","embeddable":true,"href":"https:\/\/susistemapruebas.com\/grapi\/wp-json\/wp\/v2\/product_brand?post=8199"},{"taxonomy":"product_cat","embeddable":true,"href":"https:\/\/susistemapruebas.com\/grapi\/wp-json\/wp\/v2\/product_cat?post=8199"},{"taxonomy":"product_tag","embeddable":true,"href":"https:\/\/susistemapruebas.com\/grapi\/wp-json\/wp\/v2\/product_tag?post=8199"}],"curies":[{"name":"wp","href":"https:\/\/api.w.org\/{rel}","templated":true}]}}