{"id":8189,"date":"2024-07-04T22:56:14","date_gmt":"2024-07-04T22:56:14","guid":{"rendered":"https:\/\/susistemapruebas.com\/grapi\/?post_type=product&#038;p=8189"},"modified":"2024-07-04T22:56:14","modified_gmt":"2024-07-04T22:56:14","slug":"soportes-para-brazos","status":"publish","type":"product","link":"https:\/\/susistemapruebas.com\/grapi\/producto\/soportes-para-brazos\/","title":{"rendered":"SOPORTES PARA BRAZOS"},"content":{"rendered":"<p>Las empu\u00f1aduras se extienden hacia adelante y atr\u00e1s, en posici\u00f3n supina y prona y son de \u00e1ngulo ajustable.<\/p>\n<p>Apoyabrazos curvados y con bordes flexibles.<\/p>\n<ul class=\"_3adjr\" data-hook=\"stacked-info-section\">\n<li class=\"_1YFmr _7UGlX\" data-hook=\"stacked-info-item\">\n<div class=\"_6s2bg fggS- cell\">\n<h2 class=\"Text4261962342__root Text4261962342---typography-11-runningText Text4261962342---priority-7-primary s8gg2 _149OH InfoSectionTitle3095652555__root\" aria-hidden=\"false\" data-hook=\"info-section-title\">CARACTER\u00cdSTICAS<\/h2>\n<div class=\"WncCi\" data-hook=\"info-section-description\">\n<p>\u2022 Altura y profundidad ajustables.<\/p>\n<p>\u2022 Las empu\u00f1aduras se extienden hacia adelante y hacia atr\u00e1s, en posici\u00f3n supina y prona, son de \u00e1ngulo ajustable.<\/p>\n<p>\u2022 Apoyabrazos curvados y con bordes flexibles.<\/p>\n<p>\u2022 Correa con velcro para evitar que los brazos se deslicen.<\/p>\n<\/div>\n<\/div>\n<\/li>\n<\/ul>\n","protected":false},"excerpt":{"rendered":"<p>SOPORTES PARA BRAZOS<\/p>\n","protected":false},"featured_media":8190,"template":"","meta":[],"product_brand":[],"product_cat":[55],"product_tag":[],"class_list":{"0":"post-8189","1":"product","2":"type-product","3":"status-publish","4":"has-post-thumbnail","6":"product_cat-linea-especializada","8":"first","9":"instock","10":"shipping-taxable","11":"product-type-simple"},"_links":{"self":[{"href":"https:\/\/susistemapruebas.com\/grapi\/wp-json\/wp\/v2\/product\/8189","targetHints":{"allow":["GET"]}}],"collection":[{"href":"https:\/\/susistemapruebas.com\/grapi\/wp-json\/wp\/v2\/product"}],"about":[{"href":"https:\/\/susistemapruebas.com\/grapi\/wp-json\/wp\/v2\/types\/product"}],"wp:featuredmedia":[{"embeddable":true,"href":"https:\/\/susistemapruebas.com\/grapi\/wp-json\/wp\/v2\/media\/8190"}],"wp:attachment":[{"href":"https:\/\/susistemapruebas.com\/grapi\/wp-json\/wp\/v2\/media?parent=8189"}],"wp:term":[{"taxonomy":"product_brand","embeddable":true,"href":"https:\/\/susistemapruebas.com\/grapi\/wp-json\/wp\/v2\/product_brand?post=8189"},{"taxonomy":"product_cat","embeddable":true,"href":"https:\/\/susistemapruebas.com\/grapi\/wp-json\/wp\/v2\/product_cat?post=8189"},{"taxonomy":"product_tag","embeddable":true,"href":"https:\/\/susistemapruebas.com\/grapi\/wp-json\/wp\/v2\/product_tag?post=8189"}],"curies":[{"name":"wp","href":"https:\/\/api.w.org\/{rel}","templated":true}]}}