{"id":8174,"date":"2024-07-04T22:53:59","date_gmt":"2024-07-04T22:53:59","guid":{"rendered":"https:\/\/susistemapruebas.com\/grapi\/?post_type=product&#038;p=8174"},"modified":"2024-07-04T22:53:59","modified_gmt":"2024-07-04T22:53:59","slug":"silla-ducha-otter","status":"publish","type":"product","link":"https:\/\/susistemapruebas.com\/grapi\/producto\/silla-ducha-otter\/","title":{"rendered":"SILLA DUCHA OTTER"},"content":{"rendered":"<p>La silla ducha pedi\u00e1trica OTTER proporciona soporte y seguridad para ni\u00f1os al ba\u00f1arse. Puede ajustar el \u00e1ngulo, tanto del respaldo como del asiento, para acomodarse a las necesidades de cualquier usuario. Las 4 patas son antiderrapantes para mayor seguridad, y son de altura ajustable hasta 7\u201d.<\/p>\n<p>La silla OTTER incluye soportes lateras que se pueden utilizar para mejorar el posicionamiento de la cabeza o torso.<\/p>\n<ul class=\"_3adjr\" data-hook=\"stacked-info-section\">\n<li class=\"_1YFmr _7UGlX\" data-hook=\"stacked-info-item\">\n<div class=\"_6s2bg fggS- cell\">\n<h2 class=\"Text4261962342__root Text4261962342---typography-11-runningText Text4261962342---priority-7-primary s8gg2 _149OH InfoSectionTitle3095652555__root\" aria-hidden=\"false\" data-hook=\"info-section-title\">CARACTER\u00cdSTICAS<\/h2>\n<div class=\"WncCi\" data-hook=\"info-section-description\">\n<p>\u2022 Estructura de pl\u00e1stico, cubierta de tela, que se puede remover y lavar en lavadora.<\/p>\n<p>\u2022 Respaldo ajustable a 5 \u00e1ngulos: 0\u00b0, 22\u00b0, 45\u00b0, 67.5\u00b0 y 90\u00b0.<\/p>\n<p>\u2022 Las patas traseras se abren o se cierran para ajustar<\/p>\n<p>la altura.<\/p>\n<p>\u2022 2 correas para seguridad y protecci\u00f3n del usuario.<\/p>\n<p>\u2022 Plegable para su f\u00e1cil almacenamiento.<\/p>\n<\/div>\n<\/div>\n<\/li>\n<\/ul>\n","protected":false},"excerpt":{"rendered":"<p>Silla ducha pedi\u00e1trica OTTER<\/p>\n","protected":false},"featured_media":8175,"template":"","meta":[],"product_brand":[],"product_cat":[55],"product_tag":[],"class_list":{"0":"post-8174","1":"product","2":"type-product","3":"status-publish","4":"has-post-thumbnail","6":"product_cat-linea-especializada","8":"first","9":"instock","10":"shipping-taxable","11":"product-type-simple"},"_links":{"self":[{"href":"https:\/\/susistemapruebas.com\/grapi\/wp-json\/wp\/v2\/product\/8174","targetHints":{"allow":["GET"]}}],"collection":[{"href":"https:\/\/susistemapruebas.com\/grapi\/wp-json\/wp\/v2\/product"}],"about":[{"href":"https:\/\/susistemapruebas.com\/grapi\/wp-json\/wp\/v2\/types\/product"}],"wp:featuredmedia":[{"embeddable":true,"href":"https:\/\/susistemapruebas.com\/grapi\/wp-json\/wp\/v2\/media\/8175"}],"wp:attachment":[{"href":"https:\/\/susistemapruebas.com\/grapi\/wp-json\/wp\/v2\/media?parent=8174"}],"wp:term":[{"taxonomy":"product_brand","embeddable":true,"href":"https:\/\/susistemapruebas.com\/grapi\/wp-json\/wp\/v2\/product_brand?post=8174"},{"taxonomy":"product_cat","embeddable":true,"href":"https:\/\/susistemapruebas.com\/grapi\/wp-json\/wp\/v2\/product_cat?post=8174"},{"taxonomy":"product_tag","embeddable":true,"href":"https:\/\/susistemapruebas.com\/grapi\/wp-json\/wp\/v2\/product_tag?post=8174"}],"curies":[{"name":"wp","href":"https:\/\/api.w.org\/{rel}","templated":true}]}}