{"id":8155,"date":"2024-07-04T22:41:53","date_gmt":"2024-07-04T22:41:53","guid":{"rendered":"https:\/\/susistemapruebas.com\/grapi\/?post_type=product&#038;p=8155"},"modified":"2024-07-04T22:41:53","modified_gmt":"2024-07-04T22:41:53","slug":"carriola-trotter","status":"publish","type":"product","link":"https:\/\/susistemapruebas.com\/grapi\/producto\/carriola-trotter\/","title":{"rendered":"CARRIOLA TROTTER"},"content":{"rendered":"<p>La profundidad del asiento, as\u00ed como su tensi\u00f3n, se pueden ajustar seg\u00fan las necesidades y requerimientos del usuario, adem\u00e1s de que se adapta seg\u00fan su crecimiento.<\/p>\n<p>El respaldo cuenta con un sistema de soporte que mejorar la postura brind\u00e1ndo gran comodidad.<\/p>\n<p>Chasis plegable con correa para mantenerla cerrada.<\/p>\n<p>\u2022 Altura del asiento: 24\u201d.<\/p>\n<p>\u2022 \u00c1ngulo de asiento ajustable: 5\u00b0 y 22\u00b0.<\/p>\n<p>\u2022 \u00c1ngulo de respaldo ajustable: 85\u00b0, 90\u00b0 y 95\u00b0.<\/p>\n<p>\u2022 Ruedas delanteras de 8\u201d y traseras de 10\u201d, con freno de palanca.<\/p>\n<p>\u2022 El arn\u00e9s tiene 5 puntos de posicionamiento.<\/p>\n<p>\u2022 Descansapies abatibles y desmontables.<\/p>\n<p>\u2022 Altura de los manubrios: 41.5\u201d.<\/p>\n<p>\u2022 Altura del asiento a la paleta del descansapie: 4\u201d a 20\u201d.<\/p>\n","protected":false},"excerpt":{"rendered":"<h4>La nueva generaci\u00f3n de la carriola pedi\u00e1trica TROTTER es ligera y plegable, incluye asiento y respaldo acojinados en color rojo.<\/h4>\n","protected":false},"featured_media":8156,"template":"","meta":[],"product_brand":[],"product_cat":[55],"product_tag":[],"class_list":{"0":"post-8155","1":"product","2":"type-product","3":"status-publish","4":"has-post-thumbnail","6":"product_cat-linea-especializada","8":"first","9":"instock","10":"shipping-taxable","11":"product-type-simple"},"_links":{"self":[{"href":"https:\/\/susistemapruebas.com\/grapi\/wp-json\/wp\/v2\/product\/8155","targetHints":{"allow":["GET"]}}],"collection":[{"href":"https:\/\/susistemapruebas.com\/grapi\/wp-json\/wp\/v2\/product"}],"about":[{"href":"https:\/\/susistemapruebas.com\/grapi\/wp-json\/wp\/v2\/types\/product"}],"wp:featuredmedia":[{"embeddable":true,"href":"https:\/\/susistemapruebas.com\/grapi\/wp-json\/wp\/v2\/media\/8156"}],"wp:attachment":[{"href":"https:\/\/susistemapruebas.com\/grapi\/wp-json\/wp\/v2\/media?parent=8155"}],"wp:term":[{"taxonomy":"product_brand","embeddable":true,"href":"https:\/\/susistemapruebas.com\/grapi\/wp-json\/wp\/v2\/product_brand?post=8155"},{"taxonomy":"product_cat","embeddable":true,"href":"https:\/\/susistemapruebas.com\/grapi\/wp-json\/wp\/v2\/product_cat?post=8155"},{"taxonomy":"product_tag","embeddable":true,"href":"https:\/\/susistemapruebas.com\/grapi\/wp-json\/wp\/v2\/product_tag?post=8155"}],"curies":[{"name":"wp","href":"https:\/\/api.w.org\/{rel}","templated":true}]}}