{"id":8101,"date":"2024-07-04T21:59:59","date_gmt":"2024-07-04T21:59:59","guid":{"rendered":"https:\/\/susistemapruebas.com\/grapi\/?post_type=product&#038;p=8101"},"modified":"2024-07-04T21:59:59","modified_gmt":"2024-07-04T21:59:59","slug":"triangulo-con-barrotes-para-escalar","status":"publish","type":"product","link":"https:\/\/susistemapruebas.com\/grapi\/producto\/triangulo-con-barrotes-para-escalar\/","title":{"rendered":"TRI\u00c1NGULO CON BARROTES PARA ESCALAR"},"content":{"rendered":"<p>Tri\u00e1ngulo de madera peque\u00f1o cerrado por 1 lado, abierto por 2 lados, y cerrado por los otros 2 lados restantes con barrotes para escalar.<\/p>\n<p><strong>CARACTER\u00cdSTICAS DEL PRODUCTO<\/strong><\/p>\n<p>Este material sigue la\u00a0<strong>l\u00ednea pedag\u00f3gica del m\u00e9todo Pikler<\/strong>, basado en el trabajo de\u00a0<strong>Emmi Pikler<\/strong>\u00a0sobre el desarrollo psicomotriz de los ni\u00f1os.<\/p>\n<p>Los barrotes de madera tienen un di\u00e1metro de 3 cent\u00edmetros y son ideales para escalar.<\/p>\n<p>Ofrece muchas posibilidades de juego.<\/p>\n<p>Favorece la\u00a0<strong>motricidad global\u00a0<\/strong>y\u00a0el libre movimiento de los ni\u00f1os que pueden\u00a0<strong>escalar sobre \u00e9l<\/strong>.<\/p>\n<p>Est\u00e1 fabricado en madera de 1,5 cent\u00edmetros de espesor, resistente y de excelente calidad.<\/p>\n<p>Es ideal para usar junto con la\u00a0<strong><a href=\"https:\/\/www.mumuchu.com\/tabla-de-madera-para-balancear-rampa-pikler-dusyma.html\">tabla de madera para balancear<\/a><\/strong>, que se vende por separado para crear divertidos circuitos.<\/p>\n<p><strong>Edad recomendada:\u00a0<\/strong>a partir de 1 a\u00f1o\u00a0y bajo la supervisi\u00f3n de un adulto.<\/p>\n<p><strong>Medidas:<\/strong><\/p>\n<ul>\n<li>Largo: 40 cm.<\/li>\n<li>Ancho: 40 cm.<\/li>\n<li>Alto: 46 cm.<\/li>\n<\/ul>\n","protected":false},"excerpt":{"rendered":"<p>Tri\u00e1ngulo de madera peque\u00f1o cerrado por 1 lado, abierto por 2 lados, y cerrado por los otros 2 lados restantes con barrotes para escalar. CARACTER\u00cdSTICAS DEL PRODUCTO Este material sigue la\u00a0l\u00ednea pedag\u00f3gica del m\u00e9todo Pikler, basado en el trabajo de\u00a0Emmi Pikler\u00a0sobre el desarrollo psicomotriz de los ni\u00f1os. Los barrotes de madera tienen un di\u00e1metro de [&hellip;]<\/p>\n","protected":false},"featured_media":8102,"template":"","meta":[],"product_brand":[],"product_cat":[54],"product_tag":[],"class_list":{"0":"post-8101","1":"product","2":"type-product","3":"status-publish","4":"has-post-thumbnail","6":"product_cat-productos-pikler","8":"first","9":"instock","10":"shipping-taxable","11":"product-type-simple"},"_links":{"self":[{"href":"https:\/\/susistemapruebas.com\/grapi\/wp-json\/wp\/v2\/product\/8101","targetHints":{"allow":["GET"]}}],"collection":[{"href":"https:\/\/susistemapruebas.com\/grapi\/wp-json\/wp\/v2\/product"}],"about":[{"href":"https:\/\/susistemapruebas.com\/grapi\/wp-json\/wp\/v2\/types\/product"}],"wp:featuredmedia":[{"embeddable":true,"href":"https:\/\/susistemapruebas.com\/grapi\/wp-json\/wp\/v2\/media\/8102"}],"wp:attachment":[{"href":"https:\/\/susistemapruebas.com\/grapi\/wp-json\/wp\/v2\/media?parent=8101"}],"wp:term":[{"taxonomy":"product_brand","embeddable":true,"href":"https:\/\/susistemapruebas.com\/grapi\/wp-json\/wp\/v2\/product_brand?post=8101"},{"taxonomy":"product_cat","embeddable":true,"href":"https:\/\/susistemapruebas.com\/grapi\/wp-json\/wp\/v2\/product_cat?post=8101"},{"taxonomy":"product_tag","embeddable":true,"href":"https:\/\/susistemapruebas.com\/grapi\/wp-json\/wp\/v2\/product_tag?post=8101"}],"curies":[{"name":"wp","href":"https:\/\/api.w.org\/{rel}","templated":true}]}}