{"id":8099,"date":"2024-07-04T21:58:18","date_gmt":"2024-07-04T21:58:18","guid":{"rendered":"https:\/\/susistemapruebas.com\/grapi\/?post_type=product&#038;p=8099"},"modified":"2024-07-04T21:58:18","modified_gmt":"2024-07-04T21:58:18","slug":"tarima-para-escalar","status":"publish","type":"product","link":"https:\/\/susistemapruebas.com\/grapi\/producto\/tarima-para-escalar\/","title":{"rendered":"TARIMA PARA ESCALAR"},"content":{"rendered":"<p>Caja o tarima de escalar con 3 lados cerrados y con 2 lados con barrotes para escalar.<\/p>\n<p><strong>CARACTER\u00cdSTICAS DEL PRODUCTO<\/strong><\/p>\n<p>Los barrotes tienen un\u00a0<strong>di\u00e1metro de 3 cent\u00edmetros<\/strong>\u00a0y son ideales para escalar.<\/p>\n<p>Este material sigue la\u00a0<strong>l\u00ednea pedag\u00f3gica del m\u00e9todo Pikler<\/strong>, basado en el trabajo de\u00a0<strong>Emmi Pikler<\/strong>\u00a0sobre el desarrollo psicomotriz de los ni\u00f1os.<\/p>\n<p>Ofrece muchas posibilidades de juego.<\/p>\n<p>Favorece la\u00a0<strong>motricidad global\u00a0<\/strong>y\u00a0el libre movimiento de los ni\u00f1os.<\/p>\n<p>Sirve como ayuda para\u00a0<strong>subir y alcanzar a lugares altos<\/strong>\u00a0para los ni\u00f1os o como\u00a0<strong>plataforma para sentarse<\/strong>.<\/p>\n<p>Est\u00e1 fabricada en madera de 1,5 cent\u00edmetros de espesor, resistente y de excelente calidad.<\/p>\n<p>Es ideal para usar junto con la\u00a0<strong><a href=\"https:\/\/www.mumuchu.com\/tabla-de-madera-para-balancear-rampa-pikler-dusyma.html\">tabla de madera para balancear<\/a><\/strong>, que se vende por separado para crear divertidos circuitos.<\/p>\n<p><strong>Edad recomendada:\u00a0<\/strong>a partir de 1 a\u00f1o\u00a0y bajo la supervisi\u00f3n de un adulto.<\/p>\n<p><strong>Medidas:<\/strong><\/p>\n<ul>\n<li>Largo: 40 cm.<\/li>\n<li>Ancho: 40 cm.<\/li>\n<li>Alto: 19 cm.<\/li>\n<\/ul>\n","protected":false},"excerpt":{"rendered":"<p>Caja o tarima de escalar con 3 lados cerrados y con 2 lados con barrotes para escalar. CARACTER\u00cdSTICAS DEL PRODUCTO Los barrotes tienen un\u00a0di\u00e1metro de 3 cent\u00edmetros\u00a0y son ideales para escalar. Este material sigue la\u00a0l\u00ednea pedag\u00f3gica del m\u00e9todo Pikler, basado en el trabajo de\u00a0Emmi Pikler\u00a0sobre el desarrollo psicomotriz de los ni\u00f1os. Ofrece muchas posibilidades de [&hellip;]<\/p>\n","protected":false},"featured_media":8100,"template":"","meta":[],"product_brand":[],"product_cat":[54],"product_tag":[],"class_list":{"0":"post-8099","1":"product","2":"type-product","3":"status-publish","4":"has-post-thumbnail","6":"product_cat-productos-pikler","8":"first","9":"instock","10":"shipping-taxable","11":"product-type-simple"},"_links":{"self":[{"href":"https:\/\/susistemapruebas.com\/grapi\/wp-json\/wp\/v2\/product\/8099","targetHints":{"allow":["GET"]}}],"collection":[{"href":"https:\/\/susistemapruebas.com\/grapi\/wp-json\/wp\/v2\/product"}],"about":[{"href":"https:\/\/susistemapruebas.com\/grapi\/wp-json\/wp\/v2\/types\/product"}],"wp:featuredmedia":[{"embeddable":true,"href":"https:\/\/susistemapruebas.com\/grapi\/wp-json\/wp\/v2\/media\/8100"}],"wp:attachment":[{"href":"https:\/\/susistemapruebas.com\/grapi\/wp-json\/wp\/v2\/media?parent=8099"}],"wp:term":[{"taxonomy":"product_brand","embeddable":true,"href":"https:\/\/susistemapruebas.com\/grapi\/wp-json\/wp\/v2\/product_brand?post=8099"},{"taxonomy":"product_cat","embeddable":true,"href":"https:\/\/susistemapruebas.com\/grapi\/wp-json\/wp\/v2\/product_cat?post=8099"},{"taxonomy":"product_tag","embeddable":true,"href":"https:\/\/susistemapruebas.com\/grapi\/wp-json\/wp\/v2\/product_tag?post=8099"}],"curies":[{"name":"wp","href":"https:\/\/api.w.org\/{rel}","templated":true}]}}