{"id":8096,"date":"2024-07-04T21:56:56","date_gmt":"2024-07-04T21:56:56","guid":{"rendered":"https:\/\/susistemapruebas.com\/grapi\/?post_type=product&#038;p=8096"},"modified":"2024-07-04T21:56:56","modified_gmt":"2024-07-04T21:56:56","slug":"tabla-para-balancear-rampa","status":"publish","type":"product","link":"https:\/\/susistemapruebas.com\/grapi\/producto\/tabla-para-balancear-rampa\/","title":{"rendered":"TABLA PARA BALANCEAR RAMPA"},"content":{"rendered":"<p>Gran tablero de madera para que los ni\u00f1os lo usen como rampa con el resto de accesorios.<\/p>\n<p><strong>CARACTER\u00cdSTICAS DEL PRODUCTO<\/strong><\/p>\n<p>Este material sigue la\u00a0<strong>l\u00ednea pedag\u00f3gica del m\u00e9todo Pikler<\/strong>, basado en el trabajo de\u00a0<strong>Emmi Pikler<\/strong>\u00a0sobre el desarrollo psicomotriz de los ni\u00f1os.<\/p>\n<p>Ofrece muchas posibilidades de juego.<\/p>\n<p>Favorece la\u00a0<strong>motricidad global\u00a0<\/strong>y\u00a0el libre movimiento de los ni\u00f1os.<\/p>\n<p>Es un tablero para colgar en los\u00a0<strong>pelda\u00f1os o barrotes de la\u00a0<\/strong><strong><a href=\"https:\/\/www.mumuchu.com\/tarima-de-madera-para-escalar-pikler-dusyma.html\">tarima para escalar<\/a><\/strong><strong>\u00a0<\/strong>y los\u00a0<strong><a href=\"https:\/\/www.mumuchu.com\/catalogsearch\/result\/?q=triangulo+de+madera+con+barrotes+para+escalar+pikler\">tri\u00e1ngulos<\/a><\/strong>, que se venden por separado.<\/p>\n<p>De esta manera, se puede usar como\u00a0<strong>camino entre 2 elementos del conjunto Pikler<\/strong>\u00a0para balancear y crear divertidos circuitos.<\/p>\n<p>O bien se puede usar\u00a0<strong>inclinada como rampa de escalada o tobog\u00e1n<\/strong>.<\/p>\n<p>Est\u00e1 fabricado en madera de 2,2 cent\u00edmetros de espesor, muy resistente y de excelente calidad.<\/p>\n<p><strong>Edad recomendada:\u00a0<\/strong>a partir de 1 a\u00f1o\u00a0y bajo la supervisi\u00f3n de un adulto.<\/p>\n<p><strong>Medidas:<\/strong><\/p>\n<ul>\n<li>Largo: 125 cm.<\/li>\n<li>Ancho: 35 cm.<\/li>\n<\/ul>\n","protected":false},"excerpt":{"rendered":"<p>Gran tablero de madera para que los ni\u00f1os lo usen como rampa con el resto de accesorios. CARACTER\u00cdSTICAS DEL PRODUCTO Este material sigue la\u00a0l\u00ednea pedag\u00f3gica del m\u00e9todo Pikler, basado en el trabajo de\u00a0Emmi Pikler\u00a0sobre el desarrollo psicomotriz de los ni\u00f1os. Ofrece muchas posibilidades de juego. Favorece la\u00a0motricidad global\u00a0y\u00a0el libre movimiento de los ni\u00f1os. Es un [&hellip;]<\/p>\n","protected":false},"featured_media":8097,"template":"","meta":[],"product_brand":[],"product_cat":[54],"product_tag":[],"class_list":{"0":"post-8096","1":"product","2":"type-product","3":"status-publish","4":"has-post-thumbnail","6":"product_cat-productos-pikler","8":"first","9":"instock","10":"shipping-taxable","11":"product-type-simple"},"_links":{"self":[{"href":"https:\/\/susistemapruebas.com\/grapi\/wp-json\/wp\/v2\/product\/8096","targetHints":{"allow":["GET"]}}],"collection":[{"href":"https:\/\/susistemapruebas.com\/grapi\/wp-json\/wp\/v2\/product"}],"about":[{"href":"https:\/\/susistemapruebas.com\/grapi\/wp-json\/wp\/v2\/types\/product"}],"wp:featuredmedia":[{"embeddable":true,"href":"https:\/\/susistemapruebas.com\/grapi\/wp-json\/wp\/v2\/media\/8097"}],"wp:attachment":[{"href":"https:\/\/susistemapruebas.com\/grapi\/wp-json\/wp\/v2\/media?parent=8096"}],"wp:term":[{"taxonomy":"product_brand","embeddable":true,"href":"https:\/\/susistemapruebas.com\/grapi\/wp-json\/wp\/v2\/product_brand?post=8096"},{"taxonomy":"product_cat","embeddable":true,"href":"https:\/\/susistemapruebas.com\/grapi\/wp-json\/wp\/v2\/product_cat?post=8096"},{"taxonomy":"product_tag","embeddable":true,"href":"https:\/\/susistemapruebas.com\/grapi\/wp-json\/wp\/v2\/product_tag?post=8096"}],"curies":[{"name":"wp","href":"https:\/\/api.w.org\/{rel}","templated":true}]}}