{"id":8091,"date":"2024-07-04T21:55:16","date_gmt":"2024-07-04T21:55:16","guid":{"rendered":"https:\/\/susistemapruebas.com\/grapi\/?post_type=product&#038;p=8091"},"modified":"2024-07-04T21:55:16","modified_gmt":"2024-07-04T21:55:16","slug":"laberinto","status":"publish","type":"product","link":"https:\/\/susistemapruebas.com\/grapi\/producto\/laberinto\/","title":{"rendered":"LABERINTO"},"content":{"rendered":"<p>El laberinto con metodolog\u00eda Pikler es un circuito formado por diferentes elementos como tri\u00e1ngulos, cubos y balancines este y otros accesorios inspirados en la metodolog\u00eda para promover el aprendizaje de los ni\u00f1os a trav\u00e9s del libre movimiento.<\/p>\n<p>Los beneficios de la metodolog\u00eda son:<\/p>\n<ul>\n<li>Permiten crear circuitos de psicomotricidad que favorecen el aprendizaje motor en los ni\u00f1os de una forma aut\u00f3noma y totalmente libre.<\/li>\n<li>Desarrollan la creatividad e imaginaci\u00f3n.<\/li>\n<li>Promueven la actividad f\u00edsica y el deporte.<\/li>\n<li>Mejoran el equilibrio.<\/li>\n<li>Ayudan a fortalecer y desarrollar los m\u00fasculos y huesos en los primeros a\u00f1os de vida de los ni\u00f1os.<\/li>\n<li>Los peque\u00f1os adquieren conciencia de su cuerpo, sus limitaciones f\u00edsicas y del espacio que ocupan.<\/li>\n<li>Aprenden conceptos como \u00abfuera\u00bb, \u00abdentro\u00bb, \u00abarriba\u00bb o \u00ababajo\u00bb.<\/li>\n<li>Adquieren agilidad, equilibrio y coordinaci\u00f3n.<\/li>\n<\/ul>\n","protected":false},"excerpt":{"rendered":"<p>LABERINTO CON METODOLOGIA PIKLER<\/p>\n","protected":false},"featured_media":8092,"template":"","meta":[],"product_brand":[],"product_cat":[54],"product_tag":[],"class_list":{"0":"post-8091","1":"product","2":"type-product","3":"status-publish","4":"has-post-thumbnail","6":"product_cat-productos-pikler","8":"first","9":"instock","10":"shipping-taxable","11":"product-type-simple"},"_links":{"self":[{"href":"https:\/\/susistemapruebas.com\/grapi\/wp-json\/wp\/v2\/product\/8091","targetHints":{"allow":["GET"]}}],"collection":[{"href":"https:\/\/susistemapruebas.com\/grapi\/wp-json\/wp\/v2\/product"}],"about":[{"href":"https:\/\/susistemapruebas.com\/grapi\/wp-json\/wp\/v2\/types\/product"}],"wp:featuredmedia":[{"embeddable":true,"href":"https:\/\/susistemapruebas.com\/grapi\/wp-json\/wp\/v2\/media\/8092"}],"wp:attachment":[{"href":"https:\/\/susistemapruebas.com\/grapi\/wp-json\/wp\/v2\/media?parent=8091"}],"wp:term":[{"taxonomy":"product_brand","embeddable":true,"href":"https:\/\/susistemapruebas.com\/grapi\/wp-json\/wp\/v2\/product_brand?post=8091"},{"taxonomy":"product_cat","embeddable":true,"href":"https:\/\/susistemapruebas.com\/grapi\/wp-json\/wp\/v2\/product_cat?post=8091"},{"taxonomy":"product_tag","embeddable":true,"href":"https:\/\/susistemapruebas.com\/grapi\/wp-json\/wp\/v2\/product_tag?post=8091"}],"curies":[{"name":"wp","href":"https:\/\/api.w.org\/{rel}","templated":true}]}}