{"id":8088,"date":"2024-07-04T21:52:43","date_gmt":"2024-07-04T21:52:43","guid":{"rendered":"https:\/\/susistemapruebas.com\/grapi\/?post_type=product&#038;p=8088"},"modified":"2024-07-04T21:52:43","modified_gmt":"2024-07-04T21:52:43","slug":"cubo-de-gateo-sencillo","status":"publish","type":"product","link":"https:\/\/susistemapruebas.com\/grapi\/producto\/cubo-de-gateo-sencillo\/","title":{"rendered":"CUBO DE GATEO SENCILLO"},"content":{"rendered":"<p>Cubo de gateo de madera cerrado por 2 lados y abierto por el resto de lados.<\/p>\n<p><strong>CARACTER\u00cdSTICAS DEL PRODUCTO<\/strong><\/p>\n<p>El dise\u00f1o sigue la\u00a0<strong>l\u00ednea pedag\u00f3gica del m\u00e9todo Pikler<\/strong>, basado en el trabajo de\u00a0<strong>Emmi Pikler<\/strong>\u00a0sobre el desarrollo psicomotriz de los ni\u00f1os.<\/p>\n<p>Favorece la\u00a0<strong>motricidad global\u00a0<\/strong>y\u00a0el libre movimiento de los ni\u00f1os que pueden\u00a0<strong>escalar sobre \u00e9l, pasar entre los espacios del cubo\u00a0<\/strong>e incluso usarlo como\u00a0<strong>mesa de juego<\/strong>.<\/p>\n<p>Est\u00e1 fabricado en madera de 1,5 cent\u00edmetros de espesor,\u00a0<strong>resistente y de excelente calidad<\/strong>.<\/p>\n<p>Se puede usar solo o en combinaci\u00f3n con el\u00a0<strong>resto de los elementos de libre movimiento<\/strong>, que se venden por separado, para crear divertidos circuitos.<\/p>\n<p><strong>Edad recomendada:\u00a0<\/strong>desde el inicio del gateo y bajo la supervisi\u00f3n de un adulto.<\/p>\n<p><strong>Medidas:<\/strong><\/p>\n<ul>\n<li>Largo: 40 cm.<\/li>\n<li>Ancho: 40 cm.<\/li>\n<li>Alto: 40 cm.<\/li>\n<\/ul>\n","protected":false},"excerpt":{"rendered":"<p>Cubo de gateo de madera cerrado por 2 lados y abierto por el resto de lados. CARACTER\u00cdSTICAS DEL PRODUCTO El dise\u00f1o sigue la\u00a0l\u00ednea pedag\u00f3gica del m\u00e9todo Pikler, basado en el trabajo de\u00a0Emmi Pikler\u00a0sobre el desarrollo psicomotriz de los ni\u00f1os. Favorece la\u00a0motricidad global\u00a0y\u00a0el libre movimiento de los ni\u00f1os que pueden\u00a0escalar sobre \u00e9l, pasar entre los espacios [&hellip;]<\/p>\n","protected":false},"featured_media":8089,"template":"","meta":[],"product_brand":[],"product_cat":[54],"product_tag":[],"class_list":{"0":"post-8088","1":"product","2":"type-product","3":"status-publish","4":"has-post-thumbnail","6":"product_cat-productos-pikler","8":"first","9":"instock","10":"shipping-taxable","11":"product-type-simple"},"_links":{"self":[{"href":"https:\/\/susistemapruebas.com\/grapi\/wp-json\/wp\/v2\/product\/8088","targetHints":{"allow":["GET"]}}],"collection":[{"href":"https:\/\/susistemapruebas.com\/grapi\/wp-json\/wp\/v2\/product"}],"about":[{"href":"https:\/\/susistemapruebas.com\/grapi\/wp-json\/wp\/v2\/types\/product"}],"wp:featuredmedia":[{"embeddable":true,"href":"https:\/\/susistemapruebas.com\/grapi\/wp-json\/wp\/v2\/media\/8089"}],"wp:attachment":[{"href":"https:\/\/susistemapruebas.com\/grapi\/wp-json\/wp\/v2\/media?parent=8088"}],"wp:term":[{"taxonomy":"product_brand","embeddable":true,"href":"https:\/\/susistemapruebas.com\/grapi\/wp-json\/wp\/v2\/product_brand?post=8088"},{"taxonomy":"product_cat","embeddable":true,"href":"https:\/\/susistemapruebas.com\/grapi\/wp-json\/wp\/v2\/product_cat?post=8088"},{"taxonomy":"product_tag","embeddable":true,"href":"https:\/\/susistemapruebas.com\/grapi\/wp-json\/wp\/v2\/product_tag?post=8088"}],"curies":[{"name":"wp","href":"https:\/\/api.w.org\/{rel}","templated":true}]}}