{"id":8086,"date":"2024-07-04T21:51:00","date_gmt":"2024-07-04T21:51:00","guid":{"rendered":"https:\/\/susistemapruebas.com\/grapi\/?post_type=product&#038;p=8086"},"modified":"2024-07-04T21:51:00","modified_gmt":"2024-07-04T21:51:00","slug":"cubo-de-gateo-de-madera","status":"publish","type":"product","link":"https:\/\/susistemapruebas.com\/grapi\/producto\/cubo-de-gateo-de-madera\/","title":{"rendered":"CUBO DE GATEO DE MADERA"},"content":{"rendered":"<p>El cubo de gateo es un\u00a0<strong>mueble vers\u00e1til<\/strong>\u00a0sobre el que se puede jugar de muchas maneras.<\/p>\n<p>Este material sigue la\u00a0<strong>l\u00ednea pedag\u00f3gica del m\u00e9todo Pikler<\/strong>, basado en el trabajo de\u00a0<strong>Emmi Pikler<\/strong>\u00a0sobre el desarrollo psicomotriz de los ni\u00f1os.<\/p>\n<p>Favorece la\u00a0<strong>motricidad global<\/strong>\u00a0de los ni\u00f1os m\u00e1s peque\u00f1os, as\u00ed como la\u00a0<strong>motricidad fina<\/strong>\u00a0gracias a los juegos que se pueden realizar en los orificios.<\/p>\n<p>Adem\u00e1s, favorece el libre movimiento de los ni\u00f1os que pueden\u00a0<strong>escalar sobre \u00e9l, pasar entre los huecos y mucho m\u00e1s<\/strong>.<\/p>\n<p>Est\u00e1 fabricado en madera\u00a0<strong>muy resistente y de excelente calidad<\/strong>.<\/p>\n","protected":false},"excerpt":{"rendered":"<p>El cubo de gateo es un\u00a0mueble vers\u00e1til\u00a0sobre el que se puede jugar de muchas maneras. Este material sigue la\u00a0l\u00ednea pedag\u00f3gica del m\u00e9todo Pikler, basado en el trabajo de\u00a0Emmi Pikler\u00a0sobre el desarrollo psicomotriz de los ni\u00f1os. Favorece la\u00a0motricidad global\u00a0de los ni\u00f1os m\u00e1s peque\u00f1os, as\u00ed como la\u00a0motricidad fina\u00a0gracias a los juegos que se pueden realizar en los [&hellip;]<\/p>\n","protected":false},"featured_media":8087,"template":"","meta":[],"product_brand":[],"product_cat":[54],"product_tag":[],"class_list":{"0":"post-8086","1":"product","2":"type-product","3":"status-publish","4":"has-post-thumbnail","6":"product_cat-productos-pikler","8":"first","9":"instock","10":"shipping-taxable","11":"product-type-simple"},"_links":{"self":[{"href":"https:\/\/susistemapruebas.com\/grapi\/wp-json\/wp\/v2\/product\/8086","targetHints":{"allow":["GET"]}}],"collection":[{"href":"https:\/\/susistemapruebas.com\/grapi\/wp-json\/wp\/v2\/product"}],"about":[{"href":"https:\/\/susistemapruebas.com\/grapi\/wp-json\/wp\/v2\/types\/product"}],"wp:featuredmedia":[{"embeddable":true,"href":"https:\/\/susistemapruebas.com\/grapi\/wp-json\/wp\/v2\/media\/8087"}],"wp:attachment":[{"href":"https:\/\/susistemapruebas.com\/grapi\/wp-json\/wp\/v2\/media?parent=8086"}],"wp:term":[{"taxonomy":"product_brand","embeddable":true,"href":"https:\/\/susistemapruebas.com\/grapi\/wp-json\/wp\/v2\/product_brand?post=8086"},{"taxonomy":"product_cat","embeddable":true,"href":"https:\/\/susistemapruebas.com\/grapi\/wp-json\/wp\/v2\/product_cat?post=8086"},{"taxonomy":"product_tag","embeddable":true,"href":"https:\/\/susistemapruebas.com\/grapi\/wp-json\/wp\/v2\/product_tag?post=8086"}],"curies":[{"name":"wp","href":"https:\/\/api.w.org\/{rel}","templated":true}]}}