{"id":8083,"date":"2024-07-04T21:49:20","date_gmt":"2024-07-04T21:49:20","guid":{"rendered":"https:\/\/susistemapruebas.com\/grapi\/?post_type=product&#038;p=8083"},"modified":"2024-07-04T21:49:20","modified_gmt":"2024-07-04T21:49:20","slug":"cubo-de-gateo-con-orificios-sensoriales","status":"publish","type":"product","link":"https:\/\/susistemapruebas.com\/grapi\/producto\/cubo-de-gateo-con-orificios-sensoriales\/","title":{"rendered":"CUBO DE GATEO CON ORIFICIOS SENSORIALES"},"content":{"rendered":"<p>Cubo de gateo de madera abierto por 4 lados y cerrado por los 2 lados restantes con agujeros y orificios sensoriales.<\/p>\n<p><strong>CARACTER\u00cdSTICAS DEL PRODUCTO<\/strong><\/p>\n<p>Varios de los orificios tienen\u00a0<strong>materiales incrustados\u00a0<\/strong>que crean diversas<strong>\u00a0experiencias sensoriales<\/strong>.<\/p>\n<p>Los distintos materiales que se utilizan son\u00a0<strong>texturas de alfombra, espejos, piedras,<\/strong><\/p>\n<p>Ofrecen\u00a0<strong>estimulaciones sensitivas al pasar gateando, sentir, tocar y palpar<\/strong>.<\/p>\n<p>En el lado opuesto del cubo donde est\u00e1n los elementos de tacto, hay\u00a0<strong>huecos de ventana para jugar a enhebrar<\/strong>\u00a0y para juegos de manijas.<\/p>\n<p>Este material sigue la\u00a0<strong>l\u00ednea pedag\u00f3gica del m\u00e9todo Pikler<\/strong>, basado en el trabajo de\u00a0<strong>Emmi Pikler<\/strong>\u00a0sobre el desarrollo psicomotriz de los ni\u00f1os.<\/p>\n<p>Favorece la\u00a0<strong>motricidad global<\/strong>\u00a0de los ni\u00f1os m\u00e1s peque\u00f1os, as\u00ed como la\u00a0<strong>motricidad fina<\/strong>\u00a0gracias a los juegos que se pueden realizar en los orificios.<\/p>\n<p>Adem\u00e1s, favorece el libre movimiento de los ni\u00f1os que pueden\u00a0<strong>escalar sobre \u00e9l,\u00a0 pasar entre los espacios del cubo<\/strong>.<\/p>\n<p>Est\u00e1 fabricado en madera de 1,5 cent\u00edmetros de espesor, resistente y de excelente calidad.<\/p>\n<p>Se puede usar solo o en combinaci\u00f3n junto con el\u00a0<strong>resto de elementos de libre movimiento<\/strong>, que se venden por separado para crear divertidos circuitos.<\/p>\n<p><strong>Edad recomendada:\u00a0<\/strong>desde el inicio del gateo y bajo la supervisi\u00f3n de un adulto.<\/p>\n<p><strong>Medidas:<\/strong><\/p>\n<ul>\n<li>Largo: 40 cm.<\/li>\n<li>Ancho: 40 cm.<\/li>\n<li>Alto: 40 cm.<\/li>\n<\/ul>\n","protected":false},"excerpt":{"rendered":"<p>Cubo de gateo de madera abierto por 4 lados y cerrado por los 2 lados restantes con agujeros y orificios sensoriales. CARACTER\u00cdSTICAS DEL PRODUCTO Varios de los orificios tienen\u00a0materiales incrustados\u00a0que crean diversas\u00a0experiencias sensoriales. Los distintos materiales que se utilizan son\u00a0texturas de alfombra, espejos, piedras, Ofrecen\u00a0estimulaciones sensitivas al pasar gateando, sentir, tocar y palpar. En el [&hellip;]<\/p>\n","protected":false},"featured_media":8084,"template":"","meta":[],"product_brand":[],"product_cat":[54],"product_tag":[],"class_list":{"0":"post-8083","1":"product","2":"type-product","3":"status-publish","4":"has-post-thumbnail","6":"product_cat-productos-pikler","8":"first","9":"instock","10":"shipping-taxable","11":"product-type-simple"},"_links":{"self":[{"href":"https:\/\/susistemapruebas.com\/grapi\/wp-json\/wp\/v2\/product\/8083","targetHints":{"allow":["GET"]}}],"collection":[{"href":"https:\/\/susistemapruebas.com\/grapi\/wp-json\/wp\/v2\/product"}],"about":[{"href":"https:\/\/susistemapruebas.com\/grapi\/wp-json\/wp\/v2\/types\/product"}],"wp:featuredmedia":[{"embeddable":true,"href":"https:\/\/susistemapruebas.com\/grapi\/wp-json\/wp\/v2\/media\/8084"}],"wp:attachment":[{"href":"https:\/\/susistemapruebas.com\/grapi\/wp-json\/wp\/v2\/media?parent=8083"}],"wp:term":[{"taxonomy":"product_brand","embeddable":true,"href":"https:\/\/susistemapruebas.com\/grapi\/wp-json\/wp\/v2\/product_brand?post=8083"},{"taxonomy":"product_cat","embeddable":true,"href":"https:\/\/susistemapruebas.com\/grapi\/wp-json\/wp\/v2\/product_cat?post=8083"},{"taxonomy":"product_tag","embeddable":true,"href":"https:\/\/susistemapruebas.com\/grapi\/wp-json\/wp\/v2\/product_tag?post=8083"}],"curies":[{"name":"wp","href":"https:\/\/api.w.org\/{rel}","templated":true}]}}