{"id":8081,"date":"2024-07-04T21:47:52","date_gmt":"2024-07-04T21:47:52","guid":{"rendered":"https:\/\/susistemapruebas.com\/grapi\/?post_type=product&#038;p=8081"},"modified":"2024-07-04T21:47:52","modified_gmt":"2024-07-04T21:47:52","slug":"cubo-de-gateo-con-orificios","status":"publish","type":"product","link":"https:\/\/susistemapruebas.com\/grapi\/producto\/cubo-de-gateo-con-orificios\/","title":{"rendered":"CUBO DE GATEO CON ORIFICIOS"},"content":{"rendered":"<p>Cubo de gateo de madera abierto por 4 lados y cerrado por los 2 lados restantes con agujeros y orificios.<\/p>\n<p><strong>CARACTER\u00cdSTICAS DEL PRODUCTO<\/strong><\/p>\n<p>Este material sigue la\u00a0<strong>l\u00ednea pedag\u00f3gica del m\u00e9todo Pikler<\/strong>, basado en el trabajo de\u00a0<strong>Emmi Pikler<\/strong>\u00a0sobre el desarrollo psicomotriz de los ni\u00f1os, ofrece muchas posibilidades de juego.<\/p>\n<p>Se pueden pasar por los agujeros\u00a0<strong>cordones, cuerdas, pa\u00f1uelos de seda o hacer pasar peque\u00f1os puntos de luz al interior del cubo.<\/strong><\/p>\n<p>Favorece la\u00a0<strong>motricidad global<\/strong>\u00a0de los ni\u00f1os m\u00e1s peque\u00f1os, as\u00ed como la\u00a0<strong>motricidad fina<\/strong>\u00a0gracias a los juegos que se pueden realizar en los orificios.<\/p>\n<p>Adem\u00e1s, favorece el libre movimiento de los ni\u00f1os que pueden\u00a0<strong>escalar sobre \u00e9l, pasar entre los espacios del cubo<\/strong>\u00a0incluso usarlo como\u00a0<strong>mesa de juego<\/strong>.<\/p>\n<p>Est\u00e1 fabricado en madera de 1,5 cent\u00edmetros de espesor, resistente y de excelente calidad.<\/p>\n<p>Se puede usar solo o en combinaci\u00f3n con el\u00a0<strong>resto de elementos de libre movimiento<\/strong>\u00a0que se venden por separado, para crear divertidos circuitos.<\/p>\n<p><strong>Edad recomendada:\u00a0<\/strong>desde el inicio del gateo y bajo la supervisi\u00f3n de un adulto.<\/p>\n<p><strong>Medidas:<\/strong><\/p>\n<ul>\n<li>Largo: 40 cm.<\/li>\n<li>Ancho: 40 cm.<\/li>\n<li>Alto: 40 cm.<\/li>\n<\/ul>\n","protected":false},"excerpt":{"rendered":"<p>Cubo de gateo de madera abierto por 4 lados y cerrado por los 2 lados restantes con agujeros y orificios. CARACTER\u00cdSTICAS DEL PRODUCTO Este material sigue la\u00a0l\u00ednea pedag\u00f3gica del m\u00e9todo Pikler, basado en el trabajo de\u00a0Emmi Pikler\u00a0sobre el desarrollo psicomotriz de los ni\u00f1os, ofrece muchas posibilidades de juego. Se pueden pasar por los agujeros\u00a0cordones, cuerdas, [&hellip;]<\/p>\n","protected":false},"featured_media":8082,"template":"","meta":[],"product_brand":[],"product_cat":[54],"product_tag":[],"class_list":{"0":"post-8081","1":"product","2":"type-product","3":"status-publish","4":"has-post-thumbnail","6":"product_cat-productos-pikler","8":"first","9":"instock","10":"shipping-taxable","11":"product-type-simple"},"_links":{"self":[{"href":"https:\/\/susistemapruebas.com\/grapi\/wp-json\/wp\/v2\/product\/8081","targetHints":{"allow":["GET"]}}],"collection":[{"href":"https:\/\/susistemapruebas.com\/grapi\/wp-json\/wp\/v2\/product"}],"about":[{"href":"https:\/\/susistemapruebas.com\/grapi\/wp-json\/wp\/v2\/types\/product"}],"wp:featuredmedia":[{"embeddable":true,"href":"https:\/\/susistemapruebas.com\/grapi\/wp-json\/wp\/v2\/media\/8082"}],"wp:attachment":[{"href":"https:\/\/susistemapruebas.com\/grapi\/wp-json\/wp\/v2\/media?parent=8081"}],"wp:term":[{"taxonomy":"product_brand","embeddable":true,"href":"https:\/\/susistemapruebas.com\/grapi\/wp-json\/wp\/v2\/product_brand?post=8081"},{"taxonomy":"product_cat","embeddable":true,"href":"https:\/\/susistemapruebas.com\/grapi\/wp-json\/wp\/v2\/product_cat?post=8081"},{"taxonomy":"product_tag","embeddable":true,"href":"https:\/\/susistemapruebas.com\/grapi\/wp-json\/wp\/v2\/product_tag?post=8081"}],"curies":[{"name":"wp","href":"https:\/\/api.w.org\/{rel}","templated":true}]}}