{"id":8070,"date":"2024-07-04T19:06:58","date_gmt":"2024-07-04T19:06:58","guid":{"rendered":"https:\/\/susistemapruebas.com\/grapi\/?post_type=product&#038;p=8070"},"modified":"2024-07-04T19:06:58","modified_gmt":"2024-07-04T19:06:58","slug":"hamaca","status":"publish","type":"product","link":"https:\/\/susistemapruebas.com\/grapi\/producto\/hamaca\/","title":{"rendered":"HAMACA"},"content":{"rendered":"<p>Hamaca se puede trabajar, a parte del movimiento lineal y relajaci\u00f3n, la atenci\u00f3n y el control \u00f3culo-manual. Tambi\u00e9n es muy \u00fatil la posici\u00f3n de avi\u00f3n para trabajar est\u00edmulo vestibular dentro de la hamaca: con los bracitos hacia afuera, p\u00e1sale una cuerda y que tire hacia adelante trabajando tambi\u00e9n la musculatura escapular, la fuerza de agarre y la bilateralidad.<\/p>\n<p>La SILLA DE COLUMPIO DE SEGURIDAD para adultos es un columpio con soporte para el torso dise\u00f1ado para adolescentes y adultos que tienen un buen control de la cabeza pero que requieren soporte adicional para el torso. Este columpio estilo silla cuenta con un marco de acero tubular de una pieza, un asiento y respaldo con cinturones de nailon y cinturones de asiento y pecho ajustables con cierre de velcro.<\/p>\n<p>&nbsp;<\/p>\n<p>DIMENSIONES (WxLxH): 19 x 19 x 24 pulgadas. El pecho y los cinturones de seguridad tienen 2 pulgadas de ancho.<\/p>\n","protected":false},"excerpt":{"rendered":"<p>HAMACA<\/p>\n","protected":false},"featured_media":8071,"template":"","meta":[],"product_brand":[],"product_cat":[53],"product_tag":[],"class_list":{"0":"post-8070","1":"product","2":"type-product","3":"status-publish","4":"has-post-thumbnail","6":"product_cat-integracion-sensorial","8":"first","9":"instock","10":"shipping-taxable","11":"product-type-simple"},"_links":{"self":[{"href":"https:\/\/susistemapruebas.com\/grapi\/wp-json\/wp\/v2\/product\/8070","targetHints":{"allow":["GET"]}}],"collection":[{"href":"https:\/\/susistemapruebas.com\/grapi\/wp-json\/wp\/v2\/product"}],"about":[{"href":"https:\/\/susistemapruebas.com\/grapi\/wp-json\/wp\/v2\/types\/product"}],"wp:featuredmedia":[{"embeddable":true,"href":"https:\/\/susistemapruebas.com\/grapi\/wp-json\/wp\/v2\/media\/8071"}],"wp:attachment":[{"href":"https:\/\/susistemapruebas.com\/grapi\/wp-json\/wp\/v2\/media?parent=8070"}],"wp:term":[{"taxonomy":"product_brand","embeddable":true,"href":"https:\/\/susistemapruebas.com\/grapi\/wp-json\/wp\/v2\/product_brand?post=8070"},{"taxonomy":"product_cat","embeddable":true,"href":"https:\/\/susistemapruebas.com\/grapi\/wp-json\/wp\/v2\/product_cat?post=8070"},{"taxonomy":"product_tag","embeddable":true,"href":"https:\/\/susistemapruebas.com\/grapi\/wp-json\/wp\/v2\/product_tag?post=8070"}],"curies":[{"name":"wp","href":"https:\/\/api.w.org\/{rel}","templated":true}]}}