{"id":8067,"date":"2024-07-04T19:05:16","date_gmt":"2024-07-04T19:05:16","guid":{"rendered":"https:\/\/susistemapruebas.com\/grapi\/?post_type=product&#038;p=8067"},"modified":"2024-07-04T19:05:16","modified_gmt":"2024-07-04T19:05:16","slug":"funda-elastica-propioceptiva","status":"publish","type":"product","link":"https:\/\/susistemapruebas.com\/grapi\/producto\/funda-elastica-propioceptiva\/","title":{"rendered":"FUNDA ELASTICA PROPIOCEPTIVA"},"content":{"rendered":"<p>Para cuerpo entero: esta envoltura corporal el\u00e1stica cubre los brazos, hombros, piernas y pies de su hijo con una tela relajante que proporciona una estimulaci\u00f3n de presi\u00f3n profunda.<\/p>\n<p>Entrada sensorial: son una herramienta divertida y emocionante que proporciona un espacio protector e imaginativo para ni\u00f1os y adultos, ideal para la estimulaci\u00f3n t\u00e1ctil, la integraci\u00f3n sensorial, los l\u00edmites corporales y la autoexpresi\u00f3n.<\/p>\n<p>Aumento de la conciencia corporal, ayudan a aumentar su conciencia f\u00edsica al proporcionar retroalimentaci\u00f3n adicional a las partes del cuerpo del ni\u00f1o, ayudando a los ni\u00f1os con autismo, el procesamiento sensorial y las habilidades de planificaci\u00f3n de ejercicios a construir espacio y conciencia corporal.<\/p>\n<p>Tejido ligero y transpirable: estas envolturas sensoriales el\u00e1sticas est\u00e1n hechas de materiales frescos de lycra<\/p>\n<p>Esta ingeniosa herramienta multisensorial es excelente para proporcionar calma \/ organizar la entrada de presi\u00f3n profunda y para desarrollar la planificaci\u00f3n motora, la conciencia espacial y corporal. Son fabulosos para los buscadores propioceptivos t\u00e1ctiles y de presi\u00f3n profunda, y para aquellos que son t\u00e1ctiles a la defensiva. Una maravillosa herramienta de terapia ocupacional para ni\u00f1os con autismo, TDAH o desaf\u00edos de integraci\u00f3n sensorial. Hecho de un material de Lycra el\u00e1stico y lavable a m\u00e1quina. Los colores variar\u00e1n. * El tama\u00f1o ideal para un Sensory Sox es lo m\u00e1s parecido posible o un poco m\u00e1s corto que la altura de uno; consulte la tabla de tallas a continuaci\u00f3n:<\/p>\n","protected":false},"excerpt":{"rendered":"<p><strong>FUNDA EL\u00c1STICA PROPIOCEPTIVA TAMA\u00d1O INFANTIL<\/strong><\/p>\n","protected":false},"featured_media":8068,"template":"","meta":[],"product_brand":[],"product_cat":[53],"product_tag":[],"class_list":{"0":"post-8067","1":"product","2":"type-product","3":"status-publish","4":"has-post-thumbnail","6":"product_cat-integracion-sensorial","8":"first","9":"instock","10":"shipping-taxable","11":"product-type-simple"},"_links":{"self":[{"href":"https:\/\/susistemapruebas.com\/grapi\/wp-json\/wp\/v2\/product\/8067","targetHints":{"allow":["GET"]}}],"collection":[{"href":"https:\/\/susistemapruebas.com\/grapi\/wp-json\/wp\/v2\/product"}],"about":[{"href":"https:\/\/susistemapruebas.com\/grapi\/wp-json\/wp\/v2\/types\/product"}],"wp:featuredmedia":[{"embeddable":true,"href":"https:\/\/susistemapruebas.com\/grapi\/wp-json\/wp\/v2\/media\/8068"}],"wp:attachment":[{"href":"https:\/\/susistemapruebas.com\/grapi\/wp-json\/wp\/v2\/media?parent=8067"}],"wp:term":[{"taxonomy":"product_brand","embeddable":true,"href":"https:\/\/susistemapruebas.com\/grapi\/wp-json\/wp\/v2\/product_brand?post=8067"},{"taxonomy":"product_cat","embeddable":true,"href":"https:\/\/susistemapruebas.com\/grapi\/wp-json\/wp\/v2\/product_cat?post=8067"},{"taxonomy":"product_tag","embeddable":true,"href":"https:\/\/susistemapruebas.com\/grapi\/wp-json\/wp\/v2\/product_tag?post=8067"}],"curies":[{"name":"wp","href":"https:\/\/api.w.org\/{rel}","templated":true}]}}