{"id":8065,"date":"2024-07-04T19:02:11","date_gmt":"2024-07-04T19:02:11","guid":{"rendered":"https:\/\/susistemapruebas.com\/grapi\/?post_type=product&#038;p=8065"},"modified":"2024-07-04T19:02:11","modified_gmt":"2024-07-04T19:02:11","slug":"exprimidor-propioceptivo","status":"publish","type":"product","link":"https:\/\/susistemapruebas.com\/grapi\/producto\/exprimidor-propioceptivo\/","title":{"rendered":"EXPRIMIDOR PROPIOCEPTIVO"},"content":{"rendered":"<p>El exprimidor proporciona una presi\u00f3n profunda para la entrada sensorial\u00a0 propioceptiva. La tensi\u00f3n y la presi\u00f3n se pueden ajustar f\u00e1cilmente a las necesidades espec\u00edficas de cada usuario fomentando la Integraci\u00f3n Sensorial. Magistralmente elaborado con un marco de madera de abedul b\u00e1ltico. Los cuatro rodillos de espuma acolchados aprietan y liberan la presi\u00f3n de manera uniforme y constante. Los rodillos est\u00e1n cubiertos de vinilo para un uso prolongado; f\u00e1cil de limpiar. La unidad incluye agarraderas para la portabilidad.<\/p>\n<p>Es ideal para desarrollar la planificaci\u00f3n motora y desarrollar la fuerza.<\/p>\n<p>\u00daselo para desarrollar el reflejo t\u00f3nico sim\u00e9trico y asim\u00e9trico del cuello, desarrollar la fuerza de las extremidades superiores, la coordinaci\u00f3n bilateral y m\u00e1s. A medida que los estudiantes se mueven a trav\u00e9s del exprimidor, aumentan su conciencia espacial, sus habilidades de planificaci\u00f3n motora y fortalecen su n\u00facleo.<\/p>\n<p>El rodillo doble es especialmente vers\u00e1til: sus estudiantes pueden pasarlo por encima o por encima. La cantidad de presi\u00f3n se puede ajustar f\u00e1cilmente. En cuesti\u00f3n de minutos, puede ajustar las cuerdas el\u00e1sticas de alta resistencia en el costado para proporcionar la cantidad perfecta de presi\u00f3n para cada estudiante individual.<\/p>\n<p>El exprimidor est\u00e1 construido con madera resistente con rodillos de espuma acolchados. Puede elegir entre un rodillo simple con dos rodillos o un rodillo doble con cuatro rodillos. El rodillo doble incluye dos rodillos que proporcionan una presi\u00f3n profunda para una entrada sensorial adicional. Cada rodillo est\u00e1 cubierto de vinilo resistente que es duradero, f\u00e1cil de limpiar.<\/p>\n<p>Adem\u00e1s de proporcionar una presi\u00f3n profunda y relajante, el exprimidor proporciona un trabajo pesado y ayuda con la planificaci\u00f3n motora, lo que ayuda a los ni\u00f1os a sentirse fortalecidos, empoderados y tranquilos. El exprimidor est\u00e1 hecho de rodillos de espuma de celda cerrada unidos con cuerdas el\u00e1sticas resistentes. La presi\u00f3n se puede ajustar f\u00e1cilmente, lo que le permite elegir un nivel apropiado de retroalimentaci\u00f3n propioceptiva para cada ni\u00f1o. Elija entre un exprimidor simple con dos rodillos o un exprimidor doble con cuatro rodillos para proporcionar presi\u00f3n sobre un \u00e1rea de superficie m\u00e1s amplia (consulte la pesta\u00f1a de detalles para obtener m\u00e1s informaci\u00f3n).<\/p>\n","protected":false},"excerpt":{"rendered":"<p><strong>EXPRIMIDOR PROPIOCEPTIVO<\/strong><\/p>\n","protected":false},"featured_media":8066,"template":"","meta":[],"product_brand":[],"product_cat":[53],"product_tag":[],"class_list":{"0":"post-8065","1":"product","2":"type-product","3":"status-publish","4":"has-post-thumbnail","6":"product_cat-integracion-sensorial","8":"first","9":"instock","10":"shipping-taxable","11":"product-type-simple"},"_links":{"self":[{"href":"https:\/\/susistemapruebas.com\/grapi\/wp-json\/wp\/v2\/product\/8065","targetHints":{"allow":["GET"]}}],"collection":[{"href":"https:\/\/susistemapruebas.com\/grapi\/wp-json\/wp\/v2\/product"}],"about":[{"href":"https:\/\/susistemapruebas.com\/grapi\/wp-json\/wp\/v2\/types\/product"}],"wp:featuredmedia":[{"embeddable":true,"href":"https:\/\/susistemapruebas.com\/grapi\/wp-json\/wp\/v2\/media\/8066"}],"wp:attachment":[{"href":"https:\/\/susistemapruebas.com\/grapi\/wp-json\/wp\/v2\/media?parent=8065"}],"wp:term":[{"taxonomy":"product_brand","embeddable":true,"href":"https:\/\/susistemapruebas.com\/grapi\/wp-json\/wp\/v2\/product_brand?post=8065"},{"taxonomy":"product_cat","embeddable":true,"href":"https:\/\/susistemapruebas.com\/grapi\/wp-json\/wp\/v2\/product_cat?post=8065"},{"taxonomy":"product_tag","embeddable":true,"href":"https:\/\/susistemapruebas.com\/grapi\/wp-json\/wp\/v2\/product_tag?post=8065"}],"curies":[{"name":"wp","href":"https:\/\/api.w.org\/{rel}","templated":true}]}}