{"id":8063,"date":"2024-07-04T19:00:12","date_gmt":"2024-07-04T19:00:12","guid":{"rendered":"https:\/\/susistemapruebas.com\/grapi\/?post_type=product&#038;p=8063"},"modified":"2024-07-04T19:00:12","modified_gmt":"2024-07-04T19:00:12","slug":"discoflexor","status":"publish","type":"product","link":"https:\/\/susistemapruebas.com\/grapi\/producto\/discoflexor\/","title":{"rendered":"DISCOFLEXOR"},"content":{"rendered":"<p>Proporciona estimulaci\u00f3n vestibular y propioceptiva para sus clientes. Var\u00ede la entrada vestibular desde empujar y balancear suavemente hasta sacudir, girar y orbitar m\u00e1s activos. Tiene una base accolchada con un borde y un poste central muy acolchados. Se requiere una altura m\u00ednima de techo de 8 \u2018.<\/p>\n<p>El tablero est\u00e1 alfombrado y acolchado alrededor del borde como el tablero est\u00e1ndar. Incluye correa de control desmontable<\/p>\n","protected":false},"excerpt":{"rendered":"<p>DISCOFLEXOR<\/p>\n","protected":false},"featured_media":8064,"template":"","meta":[],"product_brand":[],"product_cat":[53],"product_tag":[],"class_list":{"0":"post-8063","1":"product","2":"type-product","3":"status-publish","4":"has-post-thumbnail","6":"product_cat-integracion-sensorial","8":"first","9":"instock","10":"shipping-taxable","11":"product-type-simple"},"_links":{"self":[{"href":"https:\/\/susistemapruebas.com\/grapi\/wp-json\/wp\/v2\/product\/8063","targetHints":{"allow":["GET"]}}],"collection":[{"href":"https:\/\/susistemapruebas.com\/grapi\/wp-json\/wp\/v2\/product"}],"about":[{"href":"https:\/\/susistemapruebas.com\/grapi\/wp-json\/wp\/v2\/types\/product"}],"wp:featuredmedia":[{"embeddable":true,"href":"https:\/\/susistemapruebas.com\/grapi\/wp-json\/wp\/v2\/media\/8064"}],"wp:attachment":[{"href":"https:\/\/susistemapruebas.com\/grapi\/wp-json\/wp\/v2\/media?parent=8063"}],"wp:term":[{"taxonomy":"product_brand","embeddable":true,"href":"https:\/\/susistemapruebas.com\/grapi\/wp-json\/wp\/v2\/product_brand?post=8063"},{"taxonomy":"product_cat","embeddable":true,"href":"https:\/\/susistemapruebas.com\/grapi\/wp-json\/wp\/v2\/product_cat?post=8063"},{"taxonomy":"product_tag","embeddable":true,"href":"https:\/\/susistemapruebas.com\/grapi\/wp-json\/wp\/v2\/product_tag?post=8063"}],"curies":[{"name":"wp","href":"https:\/\/api.w.org\/{rel}","templated":true}]}}