{"id":8060,"date":"2024-07-04T18:58:00","date_gmt":"2024-07-04T18:58:00","guid":{"rendered":"https:\/\/susistemapruebas.com\/grapi\/?post_type=product&#038;p=8060"},"modified":"2024-07-04T18:58:00","modified_gmt":"2024-07-04T18:58:00","slug":"columpio-vestibular-cuadrado","status":"publish","type":"product","link":"https:\/\/susistemapruebas.com\/grapi\/producto\/columpio-vestibular-cuadrado\/","title":{"rendered":"COLUMPIO VESTIBULAR CUADRADO"},"content":{"rendered":"<p>Plataforma que permite multitud de posibilidades de posicionamiento corporal (sentado, sedestaci\u00f3n, prono, supina, lateral), as\u00ed como ejercicios de control y precisi\u00f3n mientras el terapeuta balancea al usuario.<br \/>\nDIMENSIONES: Largo: 75 cm. Ancho: 75 cm. Peso m\u00e1ximo: 150 kg.\u00a0 Se utiliza para desarrollar la coordinaci\u00f3n motora bilateral, los reflejos de equilibrio, la coordinaci\u00f3n visomotora, la integraci\u00f3n del reflejo t\u00f3nico (especialmente el laber\u00edntico), la mejora del tono muscular postural (flexores y extensores) y la estimulaci\u00f3n general del sistema nervioso mediante una fuerte activaci\u00f3n del sistema vestibular y los receptores del sistema propioceptivo. Una forma divertida de hacer ejercicios sensoriales como parte de la terapia de integraci\u00f3n sensorial. Dim. 76 x 76 cm. Peso m\u00e1ximo 90 kg. Incluye:\u00a0 Kit de suspensi\u00f3n o instalaci\u00f3n. Ning\u00fan columpio incluye sistema de fijaci\u00f3n o ANCLAJE. Tampoco se incluye la instalaci\u00f3n del mismo. Podemos presupuestar estos servicios a parte.<\/p>\n","protected":false},"excerpt":{"rendered":"<p><strong>COLUMPIO VESTIBULAR CUADRADO.<\/strong><\/p>\n","protected":false},"featured_media":8061,"template":"","meta":[],"product_brand":[],"product_cat":[53],"product_tag":[],"class_list":{"0":"post-8060","1":"product","2":"type-product","3":"status-publish","4":"has-post-thumbnail","6":"product_cat-integracion-sensorial","8":"first","9":"instock","10":"shipping-taxable","11":"product-type-simple"},"_links":{"self":[{"href":"https:\/\/susistemapruebas.com\/grapi\/wp-json\/wp\/v2\/product\/8060","targetHints":{"allow":["GET"]}}],"collection":[{"href":"https:\/\/susistemapruebas.com\/grapi\/wp-json\/wp\/v2\/product"}],"about":[{"href":"https:\/\/susistemapruebas.com\/grapi\/wp-json\/wp\/v2\/types\/product"}],"wp:featuredmedia":[{"embeddable":true,"href":"https:\/\/susistemapruebas.com\/grapi\/wp-json\/wp\/v2\/media\/8061"}],"wp:attachment":[{"href":"https:\/\/susistemapruebas.com\/grapi\/wp-json\/wp\/v2\/media?parent=8060"}],"wp:term":[{"taxonomy":"product_brand","embeddable":true,"href":"https:\/\/susistemapruebas.com\/grapi\/wp-json\/wp\/v2\/product_brand?post=8060"},{"taxonomy":"product_cat","embeddable":true,"href":"https:\/\/susistemapruebas.com\/grapi\/wp-json\/wp\/v2\/product_cat?post=8060"},{"taxonomy":"product_tag","embeddable":true,"href":"https:\/\/susistemapruebas.com\/grapi\/wp-json\/wp\/v2\/product_tag?post=8060"}],"curies":[{"name":"wp","href":"https:\/\/api.w.org\/{rel}","templated":true}]}}