{"id":8057,"date":"2024-07-04T18:54:52","date_gmt":"2024-07-04T18:54:52","guid":{"rendered":"https:\/\/susistemapruebas.com\/grapi\/?post_type=product&#038;p=8057"},"modified":"2024-07-04T18:54:52","modified_gmt":"2024-07-04T18:54:52","slug":"columpio-vestibular-2","status":"publish","type":"product","link":"https:\/\/susistemapruebas.com\/grapi\/producto\/columpio-vestibular-2\/","title":{"rendered":"COLUMPIO VESTIBULAR"},"content":{"rendered":"<p>El columpio ofrece gran diversi\u00f3n y entretenimiento, adem\u00e1s de ser una pieza clave en el trabajo de integraci\u00f3n sensorial. El balanceo natural de la goma del tubo hace de \u00e9l un elemento ideal para proporcionar estimulaci\u00f3n vestibular y propioceptiva. Extremadamente fuerte, fabricado con material resistente, puedes inflarlo al tama\u00f1o que desees y ajustar el arn\u00e9s de nylon a la medida que quieras.<\/p>\n<p>Incluye:\u00a0 Kit de suspensi\u00f3n o instalaci\u00f3n.<\/p>\n<p>Ning\u00fan columpio incluye sistema de fijaci\u00f3n o ANCLAJE.<\/p>\n<p>Tampoco se incluye la instalaci\u00f3n del mismo.<\/p>\n<p>Podemos presupuestar estos servicios a parte.<\/p>\n","protected":false},"excerpt":{"rendered":"<p><strong>COLUMPIO VESTIBULAR DE CAMARA DE TRACTOR.<\/strong><\/p>\n","protected":false},"featured_media":8058,"template":"","meta":[],"product_brand":[],"product_cat":[53],"product_tag":[],"class_list":{"0":"post-8057","1":"product","2":"type-product","3":"status-publish","4":"has-post-thumbnail","6":"product_cat-integracion-sensorial","8":"first","9":"instock","10":"shipping-taxable","11":"product-type-simple"},"_links":{"self":[{"href":"https:\/\/susistemapruebas.com\/grapi\/wp-json\/wp\/v2\/product\/8057","targetHints":{"allow":["GET"]}}],"collection":[{"href":"https:\/\/susistemapruebas.com\/grapi\/wp-json\/wp\/v2\/product"}],"about":[{"href":"https:\/\/susistemapruebas.com\/grapi\/wp-json\/wp\/v2\/types\/product"}],"wp:featuredmedia":[{"embeddable":true,"href":"https:\/\/susistemapruebas.com\/grapi\/wp-json\/wp\/v2\/media\/8058"}],"wp:attachment":[{"href":"https:\/\/susistemapruebas.com\/grapi\/wp-json\/wp\/v2\/media?parent=8057"}],"wp:term":[{"taxonomy":"product_brand","embeddable":true,"href":"https:\/\/susistemapruebas.com\/grapi\/wp-json\/wp\/v2\/product_brand?post=8057"},{"taxonomy":"product_cat","embeddable":true,"href":"https:\/\/susistemapruebas.com\/grapi\/wp-json\/wp\/v2\/product_cat?post=8057"},{"taxonomy":"product_tag","embeddable":true,"href":"https:\/\/susistemapruebas.com\/grapi\/wp-json\/wp\/v2\/product_tag?post=8057"}],"curies":[{"name":"wp","href":"https:\/\/api.w.org\/{rel}","templated":true}]}}