{"id":8054,"date":"2024-07-04T18:51:12","date_gmt":"2024-07-04T18:51:12","guid":{"rendered":"https:\/\/susistemapruebas.com\/grapi\/?post_type=product&#038;p=8054"},"modified":"2024-07-04T18:51:12","modified_gmt":"2024-07-04T18:51:12","slug":"columpio-vestibular","status":"publish","type":"product","link":"https:\/\/susistemapruebas.com\/grapi\/producto\/columpio-vestibular\/","title":{"rendered":"COLUMPIO VESTIBULAR"},"content":{"rendered":"<p>Columpio cil\u00edndrico horizontal tapizado LONA de tacto suave y muy alta resistencia que permite ejercicios m\u00faltiples de equilibrio y otras actividades. Con dos puntos de anclaje para mosquetones en los extremos. Dimensiones: 100 cms. de largo y 25 cms. \u00d8. \u00a0Tronco vestibular. Nos sentamos con las piernas una a cada lado y nos balanceamos como en un columpio utilizando el cuerpo para controlar el movimiento. Aporta estimulaci\u00f3n vestibular fluida y agradable. En espuma recubierta en LONA. 2 puntos de sujeci\u00f3n. Peso m\u00e1ximo 75 kg. A partir de 3 a\u00f1os. Cuerdas adaptables. Con el columpio cil\u00edndrico, el profesional contar\u00e1 con un recurso vestibular completo que podr\u00e1 controlar en altura, aceleraci\u00f3n, rotaci\u00f3n e inclinaci\u00f3n. Adem\u00e1s, el usuario podr\u00e1 columpiarse de forma aut\u00f3noma, simplemente agarr\u00e1ndose al cilindro o a las cuerdas mientras juega con elementos de su entorno, mejorando la integraci\u00f3n de sus sensaciones visuales, t\u00e1ctiles, propioceptivas y vestibulares para \u00e9sta y otras actividades en su d\u00eda a d\u00eda, con el vestibulador podremos vivenciar una experiencia sensorial completa en juegos de aventura en los cuales se trepe por colchonetas, se balancee sobre vestibuladores y se salte sobre los discos sensoriales, consiguiendo entornos inmersivos de terapia que mejoran la integraci\u00f3n de todas las sensaciones.\u00a0 percibidas. Incluye:\u00a0 Kit de suspensi\u00f3n o instalaci\u00f3n. Ning\u00fan columpio incluye sistema de fijaci\u00f3n o ANCLAJE. Tampoco se incluye la instalaci\u00f3n del mismo. Podemos presupuestar estos servicios a parte.<\/p>\n","protected":false},"excerpt":{"rendered":"<p><strong>COLUMPIO VESTIBULAR. RODILLO 1.00 X 25 CMS COLGANTE.<\/strong><\/p>\n","protected":false},"featured_media":8055,"template":"","meta":[],"product_brand":[],"product_cat":[53],"product_tag":[],"class_list":{"0":"post-8054","1":"product","2":"type-product","3":"status-publish","4":"has-post-thumbnail","6":"product_cat-integracion-sensorial","8":"first","9":"instock","10":"shipping-taxable","11":"product-type-simple"},"_links":{"self":[{"href":"https:\/\/susistemapruebas.com\/grapi\/wp-json\/wp\/v2\/product\/8054","targetHints":{"allow":["GET"]}}],"collection":[{"href":"https:\/\/susistemapruebas.com\/grapi\/wp-json\/wp\/v2\/product"}],"about":[{"href":"https:\/\/susistemapruebas.com\/grapi\/wp-json\/wp\/v2\/types\/product"}],"wp:featuredmedia":[{"embeddable":true,"href":"https:\/\/susistemapruebas.com\/grapi\/wp-json\/wp\/v2\/media\/8055"}],"wp:attachment":[{"href":"https:\/\/susistemapruebas.com\/grapi\/wp-json\/wp\/v2\/media?parent=8054"}],"wp:term":[{"taxonomy":"product_brand","embeddable":true,"href":"https:\/\/susistemapruebas.com\/grapi\/wp-json\/wp\/v2\/product_brand?post=8054"},{"taxonomy":"product_cat","embeddable":true,"href":"https:\/\/susistemapruebas.com\/grapi\/wp-json\/wp\/v2\/product_cat?post=8054"},{"taxonomy":"product_tag","embeddable":true,"href":"https:\/\/susistemapruebas.com\/grapi\/wp-json\/wp\/v2\/product_tag?post=8054"}],"curies":[{"name":"wp","href":"https:\/\/api.w.org\/{rel}","templated":true}]}}