{"id":8052,"date":"2024-07-04T18:49:05","date_gmt":"2024-07-04T18:49:05","guid":{"rendered":"https:\/\/susistemapruebas.com\/grapi\/?post_type=product&#038;p=8052"},"modified":"2024-07-04T18:49:05","modified_gmt":"2024-07-04T18:49:05","slug":"columpio-trapecio","status":"publish","type":"product","link":"https:\/\/susistemapruebas.com\/grapi\/producto\/columpio-trapecio\/","title":{"rendered":"COLUMPIO TRAPECIO"},"content":{"rendered":"<p>Base de madera con tirantes de cuerda.<br \/>\n12X13,5cm. Trabaja la flexi\u00f3n y la extensi\u00f3n<br \/>\nProporciona la posibilidad de trabajar el desarrollo de habilidades en posici\u00f3n de flexi\u00f3n o de extensi\u00f3n.<br \/>\nElemento suspendido apto para manejo de fuerza en mano y brazo. Fuerza Escapular y fortalecimiento del tono muscular. Ejercicios de Suspensi\u00f3n y resistencia.<br \/>\nSe puede alternar con gancho giratorio y\/o resorte<br \/>\nPuede ser sencillo o doble. Incluye: KIT DE INSTALACION. Incluye:\u00a0 Kit de suspensi\u00f3n o instalaci\u00f3n. Ning\u00fan columpio incluye sistema de fijaci\u00f3n o ANCLAJE. Tampoco se incluye la instalaci\u00f3n del mismo. Podemos presupuestar estos servicios a parte.<\/p>\n","protected":false},"excerpt":{"rendered":"<p><strong>COLUMPIO TRAPECIO<\/strong><\/p>\n","protected":false},"featured_media":8053,"template":"","meta":[],"product_brand":[],"product_cat":[53],"product_tag":[],"class_list":{"0":"post-8052","1":"product","2":"type-product","3":"status-publish","4":"has-post-thumbnail","6":"product_cat-integracion-sensorial","8":"first","9":"instock","10":"shipping-taxable","11":"product-type-simple"},"_links":{"self":[{"href":"https:\/\/susistemapruebas.com\/grapi\/wp-json\/wp\/v2\/product\/8052","targetHints":{"allow":["GET"]}}],"collection":[{"href":"https:\/\/susistemapruebas.com\/grapi\/wp-json\/wp\/v2\/product"}],"about":[{"href":"https:\/\/susistemapruebas.com\/grapi\/wp-json\/wp\/v2\/types\/product"}],"wp:featuredmedia":[{"embeddable":true,"href":"https:\/\/susistemapruebas.com\/grapi\/wp-json\/wp\/v2\/media\/8053"}],"wp:attachment":[{"href":"https:\/\/susistemapruebas.com\/grapi\/wp-json\/wp\/v2\/media?parent=8052"}],"wp:term":[{"taxonomy":"product_brand","embeddable":true,"href":"https:\/\/susistemapruebas.com\/grapi\/wp-json\/wp\/v2\/product_brand?post=8052"},{"taxonomy":"product_cat","embeddable":true,"href":"https:\/\/susistemapruebas.com\/grapi\/wp-json\/wp\/v2\/product_cat?post=8052"},{"taxonomy":"product_tag","embeddable":true,"href":"https:\/\/susistemapruebas.com\/grapi\/wp-json\/wp\/v2\/product_tag?post=8052"}],"curies":[{"name":"wp","href":"https:\/\/api.w.org\/{rel}","templated":true}]}}