{"id":8045,"date":"2024-07-04T18:42:08","date_gmt":"2024-07-04T18:42:08","guid":{"rendered":"https:\/\/susistemapruebas.com\/grapi\/?post_type=product&#038;p=8045"},"modified":"2024-07-04T18:42:08","modified_gmt":"2024-07-04T18:42:08","slug":"columpio-de-barra-en-t","status":"publish","type":"product","link":"https:\/\/susistemapruebas.com\/grapi\/producto\/columpio-de-barra-en-t\/","title":{"rendered":"COLUMPIO DE BARRA EN T"},"content":{"rendered":"<p>Esta es una excelente manera de abordar el equilibrio y la fuerza bilateral, y tambi\u00e9n proporcionar informaci\u00f3n vestibular para su poblaci\u00f3n m\u00e1s involucrada. La barra en T Southpaw Flexion desaf\u00eda los patrones de flexi\u00f3n de sus clientes mientras disfrutan de las actividades mientras est\u00e1n en este equipo suspendido.<\/p>\n<p>Los clientes avanzados se sentir\u00e1n estimulados cuando cuelguen debajo de la barra en T y se muevan de un lado a otro mientras se balancean. \u00daselo para una amplia gama de movimientos giratorios y orbitales.<\/p>\n<p>&nbsp;<\/p>\n<p>Su oscilaci\u00f3n de terapia de espuma en forma de T invertida, que se adapta a una variedad de posiciones, aborda la fuerza bilateral al tiempo que proporciona informaci\u00f3n vestibular a trav\u00e9s del movimiento orbital y de rotaci\u00f3n.<\/p>\n<p>Proporciona estimulaci\u00f3n vestibular con movimiento orbital y rotacional.<\/p>\n","protected":false},"excerpt":{"rendered":"<p><strong>COLUMPIO DE BARRA EN T<\/strong><\/p>\n","protected":false},"featured_media":8046,"template":"","meta":[],"product_brand":[],"product_cat":[53],"product_tag":[],"class_list":{"0":"post-8045","1":"product","2":"type-product","3":"status-publish","4":"has-post-thumbnail","6":"product_cat-integracion-sensorial","8":"first","9":"instock","10":"shipping-taxable","11":"product-type-simple"},"_links":{"self":[{"href":"https:\/\/susistemapruebas.com\/grapi\/wp-json\/wp\/v2\/product\/8045","targetHints":{"allow":["GET"]}}],"collection":[{"href":"https:\/\/susistemapruebas.com\/grapi\/wp-json\/wp\/v2\/product"}],"about":[{"href":"https:\/\/susistemapruebas.com\/grapi\/wp-json\/wp\/v2\/types\/product"}],"wp:featuredmedia":[{"embeddable":true,"href":"https:\/\/susistemapruebas.com\/grapi\/wp-json\/wp\/v2\/media\/8046"}],"wp:attachment":[{"href":"https:\/\/susistemapruebas.com\/grapi\/wp-json\/wp\/v2\/media?parent=8045"}],"wp:term":[{"taxonomy":"product_brand","embeddable":true,"href":"https:\/\/susistemapruebas.com\/grapi\/wp-json\/wp\/v2\/product_brand?post=8045"},{"taxonomy":"product_cat","embeddable":true,"href":"https:\/\/susistemapruebas.com\/grapi\/wp-json\/wp\/v2\/product_cat?post=8045"},{"taxonomy":"product_tag","embeddable":true,"href":"https:\/\/susistemapruebas.com\/grapi\/wp-json\/wp\/v2\/product_tag?post=8045"}],"curies":[{"name":"wp","href":"https:\/\/api.w.org\/{rel}","templated":true}]}}