{"id":8040,"date":"2024-07-04T18:32:37","date_gmt":"2024-07-04T18:32:37","guid":{"rendered":"https:\/\/susistemapruebas.com\/grapi\/?post_type=product&#038;p=8040"},"modified":"2024-07-04T18:32:37","modified_gmt":"2024-07-04T18:32:37","slug":"columpio-capullo","status":"publish","type":"product","link":"https:\/\/susistemapruebas.com\/grapi\/producto\/columpio-capullo\/","title":{"rendered":"COLUMPIO CAPULLO"},"content":{"rendered":"<p>Al proporcionar una presi\u00f3n t\u00e1ctil profunda y una entrada vestibular suave, este columpio es la soluci\u00f3n sensorial perfecta para un espacio tranquilo, de lectura y \/ o de estudio. La tela lavable a m\u00e1quina es suave al tacto y facilita la limpieza. Incluye lazo integrado para colgar de una cadena o cuerda. El columpio est\u00e1 dise\u00f1ado para suspenderse de ambos anillos de metal, colgarse juntos para crear un capullo en forma de l\u00e1grima, unido a un perno de anclaje (no incluido) que se fija a una viga estructural en un cielo raso est\u00e1ndar de 8\u201d. Se puede usar una cadena o cuerda del tama\u00f1o adecuado (no incluida) para bajar el asiento del columpio a la altura adecuada, seg\u00fan el peso, las necesidades y el tama\u00f1o del usuario. Cuanto m\u00e1s ligero sea el usuario, m\u00e1s bajo se puede colgar el columpio. Cuando est\u00e9 en uso, el asiento del columpio nunca debe estar a m\u00e1s de 16 pulgadas del piso. Entrar en el columpio puede requerir ayuda, ya que ser\u00e1 necesario tirarlo hacia abajo para permitir el acceso. No lo utilice con soportes para columpios o como hamaca. La capacidad de peso es de 120 libras. Se requiere la supervisi\u00f3n de un adulto en todo momento. Mide 60 x 40 pulgadas. No para ni\u00f1os menores de 3 a\u00f1os.<\/p>\n<p>proporciona una presi\u00f3n t\u00e1ctil profunda y una entrada vestibular suave, este columpio es la soluci\u00f3n sensorial perfecta para un espacio tranquilo, de lectura y \/ o de estudio. La tela lavable a m\u00e1quina es suave al tacto y facilita la limpieza. Incluye lazo integrado para colgar de una cadena o cuerda. El columpio est\u00e1 dise\u00f1ado para ser suspendido del techo de un rotador o cadena unida a un perno de anclaje, que se ha asegurado de manera segura en una viga estructural.<\/p>\n<p>Especificaciones t\u00e9cnicas:<\/p>\n<p>La capacidad de peso es de 120 libras.<\/p>\n<p>Mide 60 por 40 pulgadas.<\/p>\n","protected":false},"excerpt":{"rendered":"<p><strong>COLUMPIO CAPULLO<\/strong><\/p>\n","protected":false},"featured_media":8041,"template":"","meta":[],"product_brand":[],"product_cat":[53],"product_tag":[],"class_list":{"0":"post-8040","1":"product","2":"type-product","3":"status-publish","4":"has-post-thumbnail","6":"product_cat-integracion-sensorial","8":"first","9":"instock","10":"shipping-taxable","11":"product-type-simple"},"_links":{"self":[{"href":"https:\/\/susistemapruebas.com\/grapi\/wp-json\/wp\/v2\/product\/8040","targetHints":{"allow":["GET"]}}],"collection":[{"href":"https:\/\/susistemapruebas.com\/grapi\/wp-json\/wp\/v2\/product"}],"about":[{"href":"https:\/\/susistemapruebas.com\/grapi\/wp-json\/wp\/v2\/types\/product"}],"wp:featuredmedia":[{"embeddable":true,"href":"https:\/\/susistemapruebas.com\/grapi\/wp-json\/wp\/v2\/media\/8041"}],"wp:attachment":[{"href":"https:\/\/susistemapruebas.com\/grapi\/wp-json\/wp\/v2\/media?parent=8040"}],"wp:term":[{"taxonomy":"product_brand","embeddable":true,"href":"https:\/\/susistemapruebas.com\/grapi\/wp-json\/wp\/v2\/product_brand?post=8040"},{"taxonomy":"product_cat","embeddable":true,"href":"https:\/\/susistemapruebas.com\/grapi\/wp-json\/wp\/v2\/product_cat?post=8040"},{"taxonomy":"product_tag","embeddable":true,"href":"https:\/\/susistemapruebas.com\/grapi\/wp-json\/wp\/v2\/product_tag?post=8040"}],"curies":[{"name":"wp","href":"https:\/\/api.w.org\/{rel}","templated":true}]}}