{"id":8037,"date":"2024-07-04T18:30:43","date_gmt":"2024-07-04T18:30:43","guid":{"rendered":"https:\/\/susistemapruebas.com\/grapi\/?post_type=product&#038;p=8037"},"modified":"2024-07-04T18:30:43","modified_gmt":"2024-07-04T18:30:43","slug":"columpio-cabestrillo","status":"publish","type":"product","link":"https:\/\/susistemapruebas.com\/grapi\/producto\/columpio-cabestrillo\/","title":{"rendered":"COLUMPIO CABESTRILLO"},"content":{"rendered":"<p>Columpio de tela con un punto de suspensi\u00f3n. Ofrece un soporte completo y estable. La suave tela de nylon no se arruga ni se pliega con el peso del usuario. Medidas: 150 cm Altura H (ni\u00f1o y adulto)<br \/>\nPeso m\u00e1ximo: 90 kg (ni\u00f1o)<br \/>\nIncluye:\u00a0 Kit de suspensi\u00f3n o instalaci\u00f3n. Ning\u00fan columpio incluye sistema de fijaci\u00f3n o ANCLAJE. Tampoco se incluye la instalaci\u00f3n del mismo. Podemos presupuestar estos servicios a parte.<\/p>\n","protected":false},"excerpt":{"rendered":"<p>Columpio de tela con un punto de suspensi\u00f3n. Ofrece un soporte completo y estable. La suave tela de nylon no se arruga ni se pliega con el peso del usuario. Medidas: 150 cm Altura H (ni\u00f1o y adulto) Peso m\u00e1ximo: 90 kg (ni\u00f1o) Incluye:\u00a0 Kit de suspensi\u00f3n o instalaci\u00f3n. Ning\u00fan columpio incluye sistema de fijaci\u00f3n [&hellip;]<\/p>\n","protected":false},"featured_media":8038,"template":"","meta":[],"product_brand":[],"product_cat":[53],"product_tag":[],"class_list":{"0":"post-8037","1":"product","2":"type-product","3":"status-publish","4":"has-post-thumbnail","6":"product_cat-integracion-sensorial","8":"first","9":"instock","10":"shipping-taxable","11":"product-type-simple"},"_links":{"self":[{"href":"https:\/\/susistemapruebas.com\/grapi\/wp-json\/wp\/v2\/product\/8037","targetHints":{"allow":["GET"]}}],"collection":[{"href":"https:\/\/susistemapruebas.com\/grapi\/wp-json\/wp\/v2\/product"}],"about":[{"href":"https:\/\/susistemapruebas.com\/grapi\/wp-json\/wp\/v2\/types\/product"}],"wp:featuredmedia":[{"embeddable":true,"href":"https:\/\/susistemapruebas.com\/grapi\/wp-json\/wp\/v2\/media\/8038"}],"wp:attachment":[{"href":"https:\/\/susistemapruebas.com\/grapi\/wp-json\/wp\/v2\/media?parent=8037"}],"wp:term":[{"taxonomy":"product_brand","embeddable":true,"href":"https:\/\/susistemapruebas.com\/grapi\/wp-json\/wp\/v2\/product_brand?post=8037"},{"taxonomy":"product_cat","embeddable":true,"href":"https:\/\/susistemapruebas.com\/grapi\/wp-json\/wp\/v2\/product_cat?post=8037"},{"taxonomy":"product_tag","embeddable":true,"href":"https:\/\/susistemapruebas.com\/grapi\/wp-json\/wp\/v2\/product_tag?post=8037"}],"curies":[{"name":"wp","href":"https:\/\/api.w.org\/{rel}","templated":true}]}}