{"id":8033,"date":"2024-07-04T18:25:40","date_gmt":"2024-07-04T18:25:40","guid":{"rendered":"https:\/\/susistemapruebas.com\/grapi\/?post_type=product&#038;p=8033"},"modified":"2024-07-04T18:25:40","modified_gmt":"2024-07-04T18:25:40","slug":"columpio-barra-colgante","status":"publish","type":"product","link":"https:\/\/susistemapruebas.com\/grapi\/producto\/columpio-barra-colgante\/","title":{"rendered":"COLUMPIO BARRA COLGANTE"},"content":{"rendered":"<p>Herramienta \u00fatil para el programa de intervenci\u00f3n temprana. presenta una plataforma m\u00e1s grande para acomodar a pacientes m\u00e1s grandes o m\u00e1s involucrados en todas las posiciones de desarrollo. La superficie plana est\u00e1 dise\u00f1ada especialmente para aumentar la comodidad del ni\u00f1o. Es \u00fatil en el desarrollo del sistema vestibular de un ni\u00f1o y su movimiento repetitivo es calmante. Mucho espacio para que el terapeuta y el cliente se sienten. Valores terap\u00e9uticos, Proporciona estimulaci\u00f3n vestibular y propioceptiva.<br \/>\nAyuda a integrar las\u00a0\u00a0 sensaciones propioceptivas vestibulares. Incluye:\u00a0 Kit de suspensi\u00f3n o instalaci\u00f3n. Ning\u00fan columpio incluye sistema de fijaci\u00f3n o ANCLAJE. Tampoco se incluye la instalaci\u00f3n del mismo.<\/p>\n<p>medidas: 1.00 x 20 cms.<\/p>\n<p>Podemos presupuestar estos servicios a parte.<\/p>\n","protected":false},"excerpt":{"rendered":"<p><strong>COLUMPIO BARRA COLGANTE.<\/strong><\/p>\n","protected":false},"featured_media":8034,"template":"","meta":[],"product_brand":[],"product_cat":[53],"product_tag":[],"class_list":{"0":"post-8033","1":"product","2":"type-product","3":"status-publish","4":"has-post-thumbnail","6":"product_cat-integracion-sensorial","8":"first","9":"instock","10":"shipping-taxable","11":"product-type-simple"},"_links":{"self":[{"href":"https:\/\/susistemapruebas.com\/grapi\/wp-json\/wp\/v2\/product\/8033","targetHints":{"allow":["GET"]}}],"collection":[{"href":"https:\/\/susistemapruebas.com\/grapi\/wp-json\/wp\/v2\/product"}],"about":[{"href":"https:\/\/susistemapruebas.com\/grapi\/wp-json\/wp\/v2\/types\/product"}],"wp:featuredmedia":[{"embeddable":true,"href":"https:\/\/susistemapruebas.com\/grapi\/wp-json\/wp\/v2\/media\/8034"}],"wp:attachment":[{"href":"https:\/\/susistemapruebas.com\/grapi\/wp-json\/wp\/v2\/media?parent=8033"}],"wp:term":[{"taxonomy":"product_brand","embeddable":true,"href":"https:\/\/susistemapruebas.com\/grapi\/wp-json\/wp\/v2\/product_brand?post=8033"},{"taxonomy":"product_cat","embeddable":true,"href":"https:\/\/susistemapruebas.com\/grapi\/wp-json\/wp\/v2\/product_cat?post=8033"},{"taxonomy":"product_tag","embeddable":true,"href":"https:\/\/susistemapruebas.com\/grapi\/wp-json\/wp\/v2\/product_tag?post=8033"}],"curies":[{"name":"wp","href":"https:\/\/api.w.org\/{rel}","templated":true}]}}