{"id":8031,"date":"2024-07-04T18:23:19","date_gmt":"2024-07-04T18:23:19","guid":{"rendered":"https:\/\/susistemapruebas.com\/grapi\/?post_type=product&#038;p=8031"},"modified":"2024-07-04T18:23:19","modified_gmt":"2024-07-04T18:23:19","slug":"columpio-ajustable","status":"publish","type":"product","link":"https:\/\/susistemapruebas.com\/grapi\/producto\/columpio-ajustable\/","title":{"rendered":"COLUMPIO AJUSTABLE"},"content":{"rendered":"<p>Fomenta la integraci\u00f3n sensorial, la coordinaci\u00f3n y la conciencia espacial y es ideal para la terapia de necesidades especiales. La suspensi\u00f3n crea una relaci\u00f3n elevada con la gravedad, que estimula el sistema vestibular responsable del equilibrio y la coordinaci\u00f3n, lo que relaja al individuo al tiempo que prueba el movimiento y la coordinaci\u00f3n. Tanto a los terapeutas como a los clientes les encantar\u00e1 este producto.<\/p>\n<p>Es un saco de spandex especialmente dise\u00f1ado que se puede suspender de un perno de techo correctamente instalado o de un columpio (utilizando el dispositivo de rotaci\u00f3n de seguridad y el broche de seguridad). Las propiedades \u00fanicas crean una experiencia de suspensi\u00f3n y elasticidad en el \u00fatero que proporciona experiencias de planificaci\u00f3n propioceptiva, vestibular y motora. Su sensaci\u00f3n de elasticidad, pero resistente, proporciona confianza y relajaci\u00f3n, al tiempo que permite que los ni\u00f1os reboten y se muevan. Los ni\u00f1os pueden estar totalmente envueltos o acostados.<\/p>\n","protected":false},"excerpt":{"rendered":"<p><strong>COLUMPIO AJUSTABLE<\/strong><\/p>\n","protected":false},"featured_media":8032,"template":"","meta":[],"product_brand":[],"product_cat":[53],"product_tag":[],"class_list":{"0":"post-8031","1":"product","2":"type-product","3":"status-publish","4":"has-post-thumbnail","6":"product_cat-integracion-sensorial","8":"first","9":"instock","10":"shipping-taxable","11":"product-type-simple"},"_links":{"self":[{"href":"https:\/\/susistemapruebas.com\/grapi\/wp-json\/wp\/v2\/product\/8031","targetHints":{"allow":["GET"]}}],"collection":[{"href":"https:\/\/susistemapruebas.com\/grapi\/wp-json\/wp\/v2\/product"}],"about":[{"href":"https:\/\/susistemapruebas.com\/grapi\/wp-json\/wp\/v2\/types\/product"}],"wp:featuredmedia":[{"embeddable":true,"href":"https:\/\/susistemapruebas.com\/grapi\/wp-json\/wp\/v2\/media\/8032"}],"wp:attachment":[{"href":"https:\/\/susistemapruebas.com\/grapi\/wp-json\/wp\/v2\/media?parent=8031"}],"wp:term":[{"taxonomy":"product_brand","embeddable":true,"href":"https:\/\/susistemapruebas.com\/grapi\/wp-json\/wp\/v2\/product_brand?post=8031"},{"taxonomy":"product_cat","embeddable":true,"href":"https:\/\/susistemapruebas.com\/grapi\/wp-json\/wp\/v2\/product_cat?post=8031"},{"taxonomy":"product_tag","embeddable":true,"href":"https:\/\/susistemapruebas.com\/grapi\/wp-json\/wp\/v2\/product_tag?post=8031"}],"curies":[{"name":"wp","href":"https:\/\/api.w.org\/{rel}","templated":true}]}}