{"id":7993,"date":"2024-07-04T17:14:31","date_gmt":"2024-07-04T17:14:31","guid":{"rendered":"https:\/\/susistemapruebas.com\/grapi\/?post_type=product&#038;p=7993"},"modified":"2024-07-04T17:14:31","modified_gmt":"2024-07-04T17:14:31","slug":"albercas-de-pelotas","status":"publish","type":"product","link":"https:\/\/susistemapruebas.com\/grapi\/producto\/albercas-de-pelotas\/","title":{"rendered":"ALBERCAS DE PELOTAS"},"content":{"rendered":"<p>El uso de este material al llenarlo de pelotas ayuda a que el ni\u00f1o ejercite su motricidad gruesa a trav\u00e9s del juego, adem\u00e1s, podr\u00e1 aprender diferentes colores, sentir diferentes texturas y fomentar la sana convivencia en los ni\u00f1os. Su tama\u00f1o y flexibilidad permite despertar los sentidos del ni\u00f1o siendo adecuada para estimulaci\u00f3n temprana.<\/p>\n<p>Incluyen:\u00a0\u00a0 pelotas<\/p>\n<p>Material:<\/p>\n<p>-confeccionada en vinil<\/p>\n<p>-con relleno de espuma alta densidad (aglutinado)<\/p>\n<p>-con velcro y broche de pl\u00e1stico<\/p>\n<p>Color: -primarios combinados<\/p>\n<p>*las medidas pueden variar + \u2013 2 cm<\/p>\n<p>Presentaci\u00f3n: 1 pza.<\/p>\n<p>&nbsp;<\/p>\n<p>ALBERCA CUADRADA.<\/p>\n<p>MEDIDAS: 120 X 120 X10 cm<\/p>\n","protected":false},"excerpt":{"rendered":"<p><strong>ALBERCAS DE PELOTAS<\/strong><\/p>\n","protected":false},"featured_media":7994,"template":"","meta":[],"product_brand":[],"product_cat":[52],"product_tag":[],"class_list":{"0":"post-7993","1":"product","2":"type-product","3":"status-publish","4":"has-post-thumbnail","6":"product_cat-estimulacion-temprana","8":"first","9":"instock","10":"shipping-taxable","11":"product-type-simple"},"_links":{"self":[{"href":"https:\/\/susistemapruebas.com\/grapi\/wp-json\/wp\/v2\/product\/7993","targetHints":{"allow":["GET"]}}],"collection":[{"href":"https:\/\/susistemapruebas.com\/grapi\/wp-json\/wp\/v2\/product"}],"about":[{"href":"https:\/\/susistemapruebas.com\/grapi\/wp-json\/wp\/v2\/types\/product"}],"wp:featuredmedia":[{"embeddable":true,"href":"https:\/\/susistemapruebas.com\/grapi\/wp-json\/wp\/v2\/media\/7994"}],"wp:attachment":[{"href":"https:\/\/susistemapruebas.com\/grapi\/wp-json\/wp\/v2\/media?parent=7993"}],"wp:term":[{"taxonomy":"product_brand","embeddable":true,"href":"https:\/\/susistemapruebas.com\/grapi\/wp-json\/wp\/v2\/product_brand?post=7993"},{"taxonomy":"product_cat","embeddable":true,"href":"https:\/\/susistemapruebas.com\/grapi\/wp-json\/wp\/v2\/product_cat?post=7993"},{"taxonomy":"product_tag","embeddable":true,"href":"https:\/\/susistemapruebas.com\/grapi\/wp-json\/wp\/v2\/product_tag?post=7993"}],"curies":[{"name":"wp","href":"https:\/\/api.w.org\/{rel}","templated":true}]}}