{"id":7980,"date":"2024-07-04T16:49:58","date_gmt":"2024-07-04T16:49:58","guid":{"rendered":"https:\/\/susistemapruebas.com\/grapi\/?post_type=product&#038;p=7980"},"modified":"2025-07-25T17:55:32","modified_gmt":"2025-07-25T17:55:32","slug":"oca-ensarte","status":"publish","type":"product","link":"https:\/\/susistemapruebas.com\/grapi\/producto\/oca-ensarte\/","title":{"rendered":"OCA ENSARTE"},"content":{"rendered":"<p>En el uso de este divertido juego el ni\u00f1o podr\u00e1 trabajar con su coordinaci\u00f3n, motricidad y fuerza en el brazo puesto que tendr\u00e1 que insertar los aros en la oca. Adem\u00e1s podr\u00e1 conocer diferentes colores y figuras. Ideal para juego de patio y juego de equipo. Presentaci\u00f3n: 1 Oca y 5 aros. Tama\u00f1o: Largo: 37 cm, Ancho 16 cm, Aros: 13 x 13 cm.<\/p>\n","protected":false},"excerpt":{"rendered":"<h4><strong>JUGUETES DIDACTICOS, OCA ENSARTE<\/strong><\/h4>\n","protected":false},"featured_media":7981,"template":"","meta":[],"product_brand":[],"product_cat":[94],"product_tag":[],"class_list":{"0":"post-7980","1":"product","2":"type-product","3":"status-publish","4":"has-post-thumbnail","6":"product_cat-material-didactico","8":"first","9":"instock","10":"shipping-taxable","11":"product-type-simple"},"_links":{"self":[{"href":"https:\/\/susistemapruebas.com\/grapi\/wp-json\/wp\/v2\/product\/7980","targetHints":{"allow":["GET"]}}],"collection":[{"href":"https:\/\/susistemapruebas.com\/grapi\/wp-json\/wp\/v2\/product"}],"about":[{"href":"https:\/\/susistemapruebas.com\/grapi\/wp-json\/wp\/v2\/types\/product"}],"wp:featuredmedia":[{"embeddable":true,"href":"https:\/\/susistemapruebas.com\/grapi\/wp-json\/wp\/v2\/media\/7981"}],"wp:attachment":[{"href":"https:\/\/susistemapruebas.com\/grapi\/wp-json\/wp\/v2\/media?parent=7980"}],"wp:term":[{"taxonomy":"product_brand","embeddable":true,"href":"https:\/\/susistemapruebas.com\/grapi\/wp-json\/wp\/v2\/product_brand?post=7980"},{"taxonomy":"product_cat","embeddable":true,"href":"https:\/\/susistemapruebas.com\/grapi\/wp-json\/wp\/v2\/product_cat?post=7980"},{"taxonomy":"product_tag","embeddable":true,"href":"https:\/\/susistemapruebas.com\/grapi\/wp-json\/wp\/v2\/product_tag?post=7980"}],"curies":[{"name":"wp","href":"https:\/\/api.w.org\/{rel}","templated":true}]}}