{"id":7977,"date":"2024-07-04T16:46:16","date_gmt":"2024-07-04T16:46:16","guid":{"rendered":"https:\/\/susistemapruebas.com\/grapi\/?post_type=product&#038;p=7977"},"modified":"2025-07-25T17:58:02","modified_gmt":"2025-07-25T17:58:02","slug":"geometrias-volumetricas","status":"publish","type":"product","link":"https:\/\/susistemapruebas.com\/grapi\/producto\/geometrias-volumetricas\/","title":{"rendered":"GEOMETRIAS VOLUMETRICAS"},"content":{"rendered":"<p>Con este material de construcci\u00f3n libre el ni\u00f1o refuerza el conocimiento de las formas geom\u00e9tricas en 3 dimensiones, adem\u00e1s de desarrollar sus habilidades psicomotoras y de coordinaci\u00f3n ojo-mano<\/p>\n<p>Presentaci\u00f3n: 65 piezas<\/p>\n<p>Tama\u00f1o aproximado: 2.5 x 3 cm, 3 x 3 cm, 1.3 x 6 cm 1.3 x 7.5 cm y 1.3 x 3.8 cm<\/p>\n","protected":false},"excerpt":{"rendered":"<h4><strong>GEOMETR\u00cdAS VOLUM\u00c9TRICAS ENSARTABLES<\/strong><\/h4>\n","protected":false},"featured_media":7978,"template":"","meta":[],"product_brand":[],"product_cat":[94],"product_tag":[],"class_list":{"0":"post-7977","1":"product","2":"type-product","3":"status-publish","4":"has-post-thumbnail","6":"product_cat-material-didactico","8":"first","9":"instock","10":"shipping-taxable","11":"product-type-simple"},"_links":{"self":[{"href":"https:\/\/susistemapruebas.com\/grapi\/wp-json\/wp\/v2\/product\/7977","targetHints":{"allow":["GET"]}}],"collection":[{"href":"https:\/\/susistemapruebas.com\/grapi\/wp-json\/wp\/v2\/product"}],"about":[{"href":"https:\/\/susistemapruebas.com\/grapi\/wp-json\/wp\/v2\/types\/product"}],"wp:featuredmedia":[{"embeddable":true,"href":"https:\/\/susistemapruebas.com\/grapi\/wp-json\/wp\/v2\/media\/7978"}],"wp:attachment":[{"href":"https:\/\/susistemapruebas.com\/grapi\/wp-json\/wp\/v2\/media?parent=7977"}],"wp:term":[{"taxonomy":"product_brand","embeddable":true,"href":"https:\/\/susistemapruebas.com\/grapi\/wp-json\/wp\/v2\/product_brand?post=7977"},{"taxonomy":"product_cat","embeddable":true,"href":"https:\/\/susistemapruebas.com\/grapi\/wp-json\/wp\/v2\/product_cat?post=7977"},{"taxonomy":"product_tag","embeddable":true,"href":"https:\/\/susistemapruebas.com\/grapi\/wp-json\/wp\/v2\/product_tag?post=7977"}],"curies":[{"name":"wp","href":"https:\/\/api.w.org\/{rel}","templated":true}]}}