{"id":7975,"date":"2024-07-04T16:41:08","date_gmt":"2024-07-04T16:41:08","guid":{"rendered":"https:\/\/susistemapruebas.com\/grapi\/?post_type=product&#038;p=7975"},"modified":"2025-07-25T17:59:12","modified_gmt":"2025-07-25T17:59:12","slug":"geometria-de-ensarte","status":"publish","type":"product","link":"https:\/\/susistemapruebas.com\/grapi\/producto\/geometria-de-ensarte\/","title":{"rendered":"GEOMETRIA DE ENSARTE"},"content":{"rendered":"<p>Es un juego clasificado como adaptaci\u00f3n, motricidad fina, procesos de seriaci\u00f3n y clasificaci\u00f3n de color, su dise\u00f1o se presta por la cantidad de orificios diferentes por pieza, introduce al alumno al conteo num\u00e9rico.<\/p>\n<p>Presentaci\u00f3n: 40 piezas, bejuco y agujas. Tama\u00f1o aprox.: 4.5 x 2 cm.<\/p>\n","protected":false},"excerpt":{"rendered":"<h4><strong>GEOMETR\u00cdA L\u00d3GICA DE ENSARTE<\/strong><\/h4>\n","protected":false},"featured_media":7976,"template":"","meta":[],"product_brand":[],"product_cat":[94],"product_tag":[],"class_list":{"0":"post-7975","1":"product","2":"type-product","3":"status-publish","4":"has-post-thumbnail","6":"product_cat-material-didactico","8":"first","9":"instock","10":"shipping-taxable","11":"product-type-simple"},"_links":{"self":[{"href":"https:\/\/susistemapruebas.com\/grapi\/wp-json\/wp\/v2\/product\/7975","targetHints":{"allow":["GET"]}}],"collection":[{"href":"https:\/\/susistemapruebas.com\/grapi\/wp-json\/wp\/v2\/product"}],"about":[{"href":"https:\/\/susistemapruebas.com\/grapi\/wp-json\/wp\/v2\/types\/product"}],"wp:featuredmedia":[{"embeddable":true,"href":"https:\/\/susistemapruebas.com\/grapi\/wp-json\/wp\/v2\/media\/7976"}],"wp:attachment":[{"href":"https:\/\/susistemapruebas.com\/grapi\/wp-json\/wp\/v2\/media?parent=7975"}],"wp:term":[{"taxonomy":"product_brand","embeddable":true,"href":"https:\/\/susistemapruebas.com\/grapi\/wp-json\/wp\/v2\/product_brand?post=7975"},{"taxonomy":"product_cat","embeddable":true,"href":"https:\/\/susistemapruebas.com\/grapi\/wp-json\/wp\/v2\/product_cat?post=7975"},{"taxonomy":"product_tag","embeddable":true,"href":"https:\/\/susistemapruebas.com\/grapi\/wp-json\/wp\/v2\/product_tag?post=7975"}],"curies":[{"name":"wp","href":"https:\/\/api.w.org\/{rel}","templated":true}]}}