{"id":7971,"date":"2024-07-04T16:24:47","date_gmt":"2024-07-04T16:24:47","guid":{"rendered":"https:\/\/susistemapruebas.com\/grapi\/?post_type=product&#038;p=7971"},"modified":"2025-07-25T18:01:59","modified_gmt":"2025-07-25T18:01:59","slug":"ficha-conectable","status":"publish","type":"product","link":"https:\/\/susistemapruebas.com\/grapi\/producto\/ficha-conectable\/","title":{"rendered":"FICHA CONECTABLE"},"content":{"rendered":"<p>Ficha de ensamble lateral que ayuda al ni\u00f1o reforzando los conceptos de color, forma, tama\u00f1o y ensamble. Practica y desarrolla la coordinaci\u00f3n ojo-mano y psicomotora. Presentaci\u00f3n: 100 pieza de 4 x 4 cm<\/p>\n","protected":false},"excerpt":{"rendered":"<h4><strong>FICHA CONECTABLE DE SERIACION<\/strong><\/h4>\n","protected":false},"featured_media":7972,"template":"","meta":[],"product_brand":[],"product_cat":[94],"product_tag":[],"class_list":{"0":"post-7971","1":"product","2":"type-product","3":"status-publish","4":"has-post-thumbnail","6":"product_cat-material-didactico","8":"first","9":"instock","10":"shipping-taxable","11":"product-type-simple"},"_links":{"self":[{"href":"https:\/\/susistemapruebas.com\/grapi\/wp-json\/wp\/v2\/product\/7971","targetHints":{"allow":["GET"]}}],"collection":[{"href":"https:\/\/susistemapruebas.com\/grapi\/wp-json\/wp\/v2\/product"}],"about":[{"href":"https:\/\/susistemapruebas.com\/grapi\/wp-json\/wp\/v2\/types\/product"}],"wp:featuredmedia":[{"embeddable":true,"href":"https:\/\/susistemapruebas.com\/grapi\/wp-json\/wp\/v2\/media\/7972"}],"wp:attachment":[{"href":"https:\/\/susistemapruebas.com\/grapi\/wp-json\/wp\/v2\/media?parent=7971"}],"wp:term":[{"taxonomy":"product_brand","embeddable":true,"href":"https:\/\/susistemapruebas.com\/grapi\/wp-json\/wp\/v2\/product_brand?post=7971"},{"taxonomy":"product_cat","embeddable":true,"href":"https:\/\/susistemapruebas.com\/grapi\/wp-json\/wp\/v2\/product_cat?post=7971"},{"taxonomy":"product_tag","embeddable":true,"href":"https:\/\/susistemapruebas.com\/grapi\/wp-json\/wp\/v2\/product_tag?post=7971"}],"curies":[{"name":"wp","href":"https:\/\/api.w.org\/{rel}","templated":true}]}}