{"id":7967,"date":"2024-07-04T16:16:55","date_gmt":"2024-07-04T16:16:55","guid":{"rendered":"https:\/\/susistemapruebas.com\/grapi\/?post_type=product&#038;p=7967"},"modified":"2025-07-25T18:05:32","modified_gmt":"2025-07-25T18:05:32","slug":"ensarte-de-colores","status":"publish","type":"product","link":"https:\/\/susistemapruebas.com\/grapi\/producto\/ensarte-de-colores\/","title":{"rendered":"ENSARTE DE COLORES"},"content":{"rendered":"<p>En l\u00ednea une, a trav\u00e9s de un cord\u00f3n de pl\u00e1stico, una con otra, las diferentes figuras de este entretenido juego, para los peque\u00f1os que est\u00e1n aprendiendo a manipular diferentes objetos.\u00a0 Sus formas y orificios permiten afinar poco a poco el pulso.\u00a0 Presentaci\u00f3n: 48 pzas de 5\u00d75 cm<\/p>\n","protected":false},"excerpt":{"rendered":"<h4><strong>ENSARTE DE COLORES<\/strong><\/h4>\n","protected":false},"featured_media":7968,"template":"","meta":[],"product_brand":[],"product_cat":[94],"product_tag":[],"class_list":{"0":"post-7967","1":"product","2":"type-product","3":"status-publish","4":"has-post-thumbnail","6":"product_cat-material-didactico","8":"first","9":"instock","10":"shipping-taxable","11":"product-type-simple"},"_links":{"self":[{"href":"https:\/\/susistemapruebas.com\/grapi\/wp-json\/wp\/v2\/product\/7967","targetHints":{"allow":["GET"]}}],"collection":[{"href":"https:\/\/susistemapruebas.com\/grapi\/wp-json\/wp\/v2\/product"}],"about":[{"href":"https:\/\/susistemapruebas.com\/grapi\/wp-json\/wp\/v2\/types\/product"}],"wp:featuredmedia":[{"embeddable":true,"href":"https:\/\/susistemapruebas.com\/grapi\/wp-json\/wp\/v2\/media\/7968"}],"wp:attachment":[{"href":"https:\/\/susistemapruebas.com\/grapi\/wp-json\/wp\/v2\/media?parent=7967"}],"wp:term":[{"taxonomy":"product_brand","embeddable":true,"href":"https:\/\/susistemapruebas.com\/grapi\/wp-json\/wp\/v2\/product_brand?post=7967"},{"taxonomy":"product_cat","embeddable":true,"href":"https:\/\/susistemapruebas.com\/grapi\/wp-json\/wp\/v2\/product_cat?post=7967"},{"taxonomy":"product_tag","embeddable":true,"href":"https:\/\/susistemapruebas.com\/grapi\/wp-json\/wp\/v2\/product_tag?post=7967"}],"curies":[{"name":"wp","href":"https:\/\/api.w.org\/{rel}","templated":true}]}}