{"id":7963,"date":"2024-07-04T16:03:01","date_gmt":"2024-07-04T16:03:01","guid":{"rendered":"https:\/\/susistemapruebas.com\/grapi\/?post_type=product&#038;p=7963"},"modified":"2025-07-25T18:08:37","modified_gmt":"2025-07-25T18:08:37","slug":"cadena-gigante","status":"publish","type":"product","link":"https:\/\/susistemapruebas.com\/grapi\/producto\/cadena-gigante\/","title":{"rendered":"CADENA GIGANTE"},"content":{"rendered":"<p>Este producto es utilizado para ejercicios de psicomotricidad, gruesa, adem\u00e1s de clasificaci\u00f3n, seriaci\u00f3n y ensamble sencillo.<\/p>\n<p>Incluye: 15 pzas de 12 cm<\/p>\n","protected":false},"excerpt":{"rendered":"<h4><strong>CADENA GIGANTE<\/strong><\/h4>\n","protected":false},"featured_media":7964,"template":"","meta":[],"product_brand":[],"product_cat":[94],"product_tag":[],"class_list":{"0":"post-7963","1":"product","2":"type-product","3":"status-publish","4":"has-post-thumbnail","6":"product_cat-material-didactico","8":"first","9":"instock","10":"shipping-taxable","11":"product-type-simple"},"_links":{"self":[{"href":"https:\/\/susistemapruebas.com\/grapi\/wp-json\/wp\/v2\/product\/7963","targetHints":{"allow":["GET"]}}],"collection":[{"href":"https:\/\/susistemapruebas.com\/grapi\/wp-json\/wp\/v2\/product"}],"about":[{"href":"https:\/\/susistemapruebas.com\/grapi\/wp-json\/wp\/v2\/types\/product"}],"wp:featuredmedia":[{"embeddable":true,"href":"https:\/\/susistemapruebas.com\/grapi\/wp-json\/wp\/v2\/media\/7964"}],"wp:attachment":[{"href":"https:\/\/susistemapruebas.com\/grapi\/wp-json\/wp\/v2\/media?parent=7963"}],"wp:term":[{"taxonomy":"product_brand","embeddable":true,"href":"https:\/\/susistemapruebas.com\/grapi\/wp-json\/wp\/v2\/product_brand?post=7963"},{"taxonomy":"product_cat","embeddable":true,"href":"https:\/\/susistemapruebas.com\/grapi\/wp-json\/wp\/v2\/product_cat?post=7963"},{"taxonomy":"product_tag","embeddable":true,"href":"https:\/\/susistemapruebas.com\/grapi\/wp-json\/wp\/v2\/product_tag?post=7963"}],"curies":[{"name":"wp","href":"https:\/\/api.w.org\/{rel}","templated":true}]}}