{"id":7960,"date":"2024-07-04T16:00:26","date_gmt":"2024-07-04T16:00:26","guid":{"rendered":"https:\/\/susistemapruebas.com\/grapi\/?post_type=product&#038;p=7960"},"modified":"2025-07-25T18:09:38","modified_gmt":"2025-07-25T18:09:38","slug":"cadena-de-ensamble","status":"publish","type":"product","link":"https:\/\/susistemapruebas.com\/grapi\/producto\/cadena-de-ensamble\/","title":{"rendered":"CADENA DE ENSAMBLE"},"content":{"rendered":"<h4><strong>CADENA DE ENSAMBLE GEOM\u00c9TRICO<\/strong><\/h4>\n<p>Realiza ejercicios de clasificaci\u00f3n, seriaci\u00f3n y ensamble, ya sea manteniendo las figuras geom\u00e9tricas o combinando estas entre s\u00ed podr\u00e1n\u00a0formar cadenas.<\/p>\n<p>Presentaci\u00f3n: 40 pzas de 10 cm<\/p>\n","protected":false},"excerpt":{"rendered":"<h4><strong>CADENA DE ENSAMBLE GEOM\u00c9TRICO<\/strong><\/h4>\n","protected":false},"featured_media":7961,"template":"","meta":[],"product_brand":[],"product_cat":[94],"product_tag":[],"class_list":{"0":"post-7960","1":"product","2":"type-product","3":"status-publish","4":"has-post-thumbnail","6":"product_cat-material-didactico","8":"first","9":"instock","10":"shipping-taxable","11":"product-type-simple"},"_links":{"self":[{"href":"https:\/\/susistemapruebas.com\/grapi\/wp-json\/wp\/v2\/product\/7960","targetHints":{"allow":["GET"]}}],"collection":[{"href":"https:\/\/susistemapruebas.com\/grapi\/wp-json\/wp\/v2\/product"}],"about":[{"href":"https:\/\/susistemapruebas.com\/grapi\/wp-json\/wp\/v2\/types\/product"}],"wp:featuredmedia":[{"embeddable":true,"href":"https:\/\/susistemapruebas.com\/grapi\/wp-json\/wp\/v2\/media\/7961"}],"wp:attachment":[{"href":"https:\/\/susistemapruebas.com\/grapi\/wp-json\/wp\/v2\/media?parent=7960"}],"wp:term":[{"taxonomy":"product_brand","embeddable":true,"href":"https:\/\/susistemapruebas.com\/grapi\/wp-json\/wp\/v2\/product_brand?post=7960"},{"taxonomy":"product_cat","embeddable":true,"href":"https:\/\/susistemapruebas.com\/grapi\/wp-json\/wp\/v2\/product_cat?post=7960"},{"taxonomy":"product_tag","embeddable":true,"href":"https:\/\/susistemapruebas.com\/grapi\/wp-json\/wp\/v2\/product_tag?post=7960"}],"curies":[{"name":"wp","href":"https:\/\/api.w.org\/{rel}","templated":true}]}}